{"id":39569,"date":"2026-02-24T11:20:06","date_gmt":"2026-02-24T10:20:06","guid":{"rendered":"https:\/\/imprimeideas.es\/?post_type=product&p=39569"},"modified":"2026-02-26T18:27:53","modified_gmt":"2026-02-26T17:27:53","slug":"funda-ordenador-portatil-dilon","status":"publish","type":"product","link":"https:\/\/imprimeideas.es\/en\/product\/funda-ordenador-portatil-dilon\/","title":{"rendered":"Funda Ordenador Port\u00e1til Dilon"},"content":{"rendered":"<p>Funda de ordenador de Antonio Mir\u00f3 en calidad premium, fabricada en resistente poli\u00e9ster 600D. De sobrio dise\u00f1o y con compartimento acolchado para port\u00e1til de hasta 15 pulgadas. Cierres de cremallera con tiradores met\u00e1licos y bolsillo frontal. Logotipo de la marca en frontal.<\/p>","protected":false},"excerpt":{"rendered":"<p>Acolchado. Bolsillo Acolchado para Port\u00e1til<\/p>","protected":false},"featured_media":64402,"comment_status":"open","ping_status":"open","template":"","meta":{"inline_featured_image":false},"product_brand":[2064],"product_cat":[121,96],"product_tag":[],"class_list":{"0":"post-39569","1":"product","2":"type-product","3":"status-publish","4":"has-post-thumbnail","6":"product_brand-antonio-miro","7":"product_cat-marcas","8":"product_cat-oficina-y-negocios","10":"first","11":"instock","12":"taxable","13":"shipping-taxable","14":"purchasable","15":"product-type-variable","16":"has-default-attributes"},"aioseo_notices":[],"_links":{"self":[{"href":"https:\/\/imprimeideas.es\/en\/wp-json\/wp\/v2\/product\/39569","targetHints":{"allow":["GET"]}}],"collection":[{"href":"https:\/\/imprimeideas.es\/en\/wp-json\/wp\/v2\/product"}],"about":[{"href":"https:\/\/imprimeideas.es\/en\/wp-json\/wp\/v2\/types\/product"}],"replies":[{"embeddable":true,"href":"https:\/\/imprimeideas.es\/en\/wp-json\/wp\/v2\/comments?post=39569"}],"version-history":[{"count":1,"href":"https:\/\/imprimeideas.es\/en\/wp-json\/wp\/v2\/product\/39569\/revisions"}],"predecessor-version":[{"id":60735,"href":"https:\/\/imprimeideas.es\/en\/wp-json\/wp\/v2\/product\/39569\/revisions\/60735"}],"wp:featuredmedia":[{"embeddable":true,"href":"https:\/\/imprimeideas.es\/en\/wp-json\/wp\/v2\/media\/64402"}],"wp:attachment":[{"href":"https:\/\/imprimeideas.es\/en\/wp-json\/wp\/v2\/media?parent=39569"}],"wp:term":[{"taxonomy":"product_brand","embeddable":true,"href":"https:\/\/imprimeideas.es\/en\/wp-json\/wp\/v2\/product_brand?post=39569"},{"taxonomy":"product_cat","embeddable":true,"href":"https:\/\/imprimeideas.es\/en\/wp-json\/wp\/v2\/product_cat?post=39569"},{"taxonomy":"product_tag","embeddable":true,"href":"https:\/\/imprimeideas.es\/en\/wp-json\/wp\/v2\/product_tag?post=39569"}],"curies":[{"name":"wp","href":"https:\/\/api.w.org\/{rel}","templated":true}]}}