{"id":39567,"date":"2026-02-24T11:20:05","date_gmt":"2026-02-24T10:20:05","guid":{"rendered":"https:\/\/imprimeideas.es\/?post_type=product&p=39567"},"modified":"2026-02-26T18:27:59","modified_gmt":"2026-02-26T17:27:59","slug":"maletin-mitchel","status":"publish","type":"product","link":"https:\/\/imprimeideas.es\/en\/product\/maletin-mitchel\/","title":{"rendered":"Malet\u00edn Mitchel"},"content":{"rendered":"<p>Malet\u00edn de Antonio Mir\u00f3 de calidad premium en resistente poli\u00e9ster 600D. De sobrio dise\u00f1o y con compartimento acolchado para port\u00e1til de hasta 15 pulgadas. Con c\u00f3moda asa de transporte reforzada, cierres de cremallera con tiradores met\u00e1licos y bolsillo frontal. Logotipo de la marca en frontal.<\/p>","protected":false},"excerpt":{"rendered":"<p>Acolchado. Bolsillo Acolchado para Port\u00e1til<\/p>","protected":false},"featured_media":81071,"comment_status":"open","ping_status":"open","template":"","meta":{"inline_featured_image":false},"product_brand":[2064],"product_cat":[121,96],"product_tag":[],"class_list":{"0":"post-39567","1":"product","2":"type-product","3":"status-publish","4":"has-post-thumbnail","6":"product_brand-antonio-miro","7":"product_cat-marcas","8":"product_cat-oficina-y-negocios","10":"first","11":"outofstock","12":"taxable","13":"shipping-taxable","14":"purchasable","15":"product-type-variable","16":"has-default-attributes"},"aioseo_notices":[],"_links":{"self":[{"href":"https:\/\/imprimeideas.es\/en\/wp-json\/wp\/v2\/product\/39567","targetHints":{"allow":["GET"]}}],"collection":[{"href":"https:\/\/imprimeideas.es\/en\/wp-json\/wp\/v2\/product"}],"about":[{"href":"https:\/\/imprimeideas.es\/en\/wp-json\/wp\/v2\/types\/product"}],"replies":[{"embeddable":true,"href":"https:\/\/imprimeideas.es\/en\/wp-json\/wp\/v2\/comments?post=39567"}],"version-history":[{"count":1,"href":"https:\/\/imprimeideas.es\/en\/wp-json\/wp\/v2\/product\/39567\/revisions"}],"predecessor-version":[{"id":60734,"href":"https:\/\/imprimeideas.es\/en\/wp-json\/wp\/v2\/product\/39567\/revisions\/60734"}],"wp:featuredmedia":[{"embeddable":true,"href":"https:\/\/imprimeideas.es\/en\/wp-json\/wp\/v2\/media\/81071"}],"wp:attachment":[{"href":"https:\/\/imprimeideas.es\/en\/wp-json\/wp\/v2\/media?parent=39567"}],"wp:term":[{"taxonomy":"product_brand","embeddable":true,"href":"https:\/\/imprimeideas.es\/en\/wp-json\/wp\/v2\/product_brand?post=39567"},{"taxonomy":"product_cat","embeddable":true,"href":"https:\/\/imprimeideas.es\/en\/wp-json\/wp\/v2\/product_cat?post=39567"},{"taxonomy":"product_tag","embeddable":true,"href":"https:\/\/imprimeideas.es\/en\/wp-json\/wp\/v2\/product_tag?post=39567"}],"curies":[{"name":"wp","href":"https:\/\/api.w.org\/{rel}","templated":true}]}}