{"id":39560,"date":"2026-02-24T11:20:05","date_gmt":"2026-02-24T10:20:05","guid":{"rendered":"https:\/\/imprimeideas.es\/?post_type=product&p=39560"},"modified":"2026-02-26T18:08:21","modified_gmt":"2026-02-26T17:08:21","slug":"bidon-termico-thomson","status":"publish","type":"product","link":"https:\/\/imprimeideas.es\/en\/product\/bidon-termico-thomson\/","title":{"rendered":"Bid\u00f3n T\u00e9rmico Thomson"},"content":{"rendered":"<p>Termo en acero inox de Antonio Mir\u00f3. De 500ml de capacidad y con doble pared para mejor y m\u00e1s duradera conservaci\u00f3n de la temperatura. De sobrio acabado en negro satinado, logotipo de la marca en la base y con tap\u00f3n cromado a rosca. Presentado en atractiva caja de dise\u00f1o con logotipo de la marca.<\/p>","protected":false},"excerpt":{"rendered":"<p>500 ml<\/p>","protected":false},"featured_media":72654,"comment_status":"open","ping_status":"open","template":"","meta":{"inline_featured_image":false},"product_brand":[2064],"product_cat":[121,97],"product_tag":[],"class_list":{"0":"post-39560","1":"product","2":"type-product","3":"status-publish","4":"has-post-thumbnail","6":"product_brand-antonio-miro","7":"product_cat-marcas","8":"product_cat-tazas-jarras-y-termos","10":"first","11":"instock","12":"taxable","13":"shipping-taxable","14":"purchasable","15":"product-type-variable","16":"has-default-attributes"},"aioseo_notices":[],"_links":{"self":[{"href":"https:\/\/imprimeideas.es\/en\/wp-json\/wp\/v2\/product\/39560","targetHints":{"allow":["GET"]}}],"collection":[{"href":"https:\/\/imprimeideas.es\/en\/wp-json\/wp\/v2\/product"}],"about":[{"href":"https:\/\/imprimeideas.es\/en\/wp-json\/wp\/v2\/types\/product"}],"replies":[{"embeddable":true,"href":"https:\/\/imprimeideas.es\/en\/wp-json\/wp\/v2\/comments?post=39560"}],"version-history":[{"count":1,"href":"https:\/\/imprimeideas.es\/en\/wp-json\/wp\/v2\/product\/39560\/revisions"}],"predecessor-version":[{"id":60731,"href":"https:\/\/imprimeideas.es\/en\/wp-json\/wp\/v2\/product\/39560\/revisions\/60731"}],"wp:featuredmedia":[{"embeddable":true,"href":"https:\/\/imprimeideas.es\/en\/wp-json\/wp\/v2\/media\/72654"}],"wp:attachment":[{"href":"https:\/\/imprimeideas.es\/en\/wp-json\/wp\/v2\/media?parent=39560"}],"wp:term":[{"taxonomy":"product_brand","embeddable":true,"href":"https:\/\/imprimeideas.es\/en\/wp-json\/wp\/v2\/product_brand?post=39560"},{"taxonomy":"product_cat","embeddable":true,"href":"https:\/\/imprimeideas.es\/en\/wp-json\/wp\/v2\/product_cat?post=39560"},{"taxonomy":"product_tag","embeddable":true,"href":"https:\/\/imprimeideas.es\/en\/wp-json\/wp\/v2\/product_tag?post=39560"}],"curies":[{"name":"wp","href":"https:\/\/api.w.org\/{rel}","templated":true}]}}