{"id":39558,"date":"2026-02-24T11:20:04","date_gmt":"2026-02-24T10:20:04","guid":{"rendered":"https:\/\/imprimeideas.es\/?post_type=product&p=39558"},"modified":"2026-02-26T18:03:02","modified_gmt":"2026-02-26T17:03:02","slug":"set-niveum","status":"publish","type":"product","link":"https:\/\/imprimeideas.es\/en\/product\/set-niveum\/","title":{"rendered":"Set Niveum"},"content":{"rendered":"<p>Set premium de bol\u00edgrafo y roller. Fabricado en elegante combinaci\u00f3n de polipiel en tonos negros y metal cromado. Bol\u00edgrafo de mecanismo giratorio en tinta azul y con cartucho jumbo. Roller con capucha y tinta gel en azul, carga jumbo. Presentado en estuche individual de polipiel con cierre de cremallera e interior a juego con compartimentos individuales.<\/p>","protected":false},"excerpt":{"rendered":"<p>Bol\u00edgrafo y Roller. Carga Jumbo<\/p>","protected":false},"featured_media":66005,"comment_status":"open","ping_status":"open","template":"","meta":{"inline_featured_image":false},"product_brand":[],"product_cat":[100],"product_tag":[],"class_list":{"0":"post-39558","1":"product","2":"type-product","3":"status-publish","4":"has-post-thumbnail","6":"product_cat-escritura","8":"first","9":"instock","10":"taxable","11":"shipping-taxable","12":"purchasable","13":"product-type-variable","14":"has-default-attributes"},"aioseo_notices":[],"_links":{"self":[{"href":"https:\/\/imprimeideas.es\/en\/wp-json\/wp\/v2\/product\/39558","targetHints":{"allow":["GET"]}}],"collection":[{"href":"https:\/\/imprimeideas.es\/en\/wp-json\/wp\/v2\/product"}],"about":[{"href":"https:\/\/imprimeideas.es\/en\/wp-json\/wp\/v2\/types\/product"}],"replies":[{"embeddable":true,"href":"https:\/\/imprimeideas.es\/en\/wp-json\/wp\/v2\/comments?post=39558"}],"version-history":[{"count":1,"href":"https:\/\/imprimeideas.es\/en\/wp-json\/wp\/v2\/product\/39558\/revisions"}],"predecessor-version":[{"id":54268,"href":"https:\/\/imprimeideas.es\/en\/wp-json\/wp\/v2\/product\/39558\/revisions\/54268"}],"wp:featuredmedia":[{"embeddable":true,"href":"https:\/\/imprimeideas.es\/en\/wp-json\/wp\/v2\/media\/66005"}],"wp:attachment":[{"href":"https:\/\/imprimeideas.es\/en\/wp-json\/wp\/v2\/media?parent=39558"}],"wp:term":[{"taxonomy":"product_brand","embeddable":true,"href":"https:\/\/imprimeideas.es\/en\/wp-json\/wp\/v2\/product_brand?post=39558"},{"taxonomy":"product_cat","embeddable":true,"href":"https:\/\/imprimeideas.es\/en\/wp-json\/wp\/v2\/product_cat?post=39558"},{"taxonomy":"product_tag","embeddable":true,"href":"https:\/\/imprimeideas.es\/en\/wp-json\/wp\/v2\/product_tag?post=39558"}],"curies":[{"name":"wp","href":"https:\/\/api.w.org\/{rel}","templated":true}]}}