{"id":39530,"date":"2026-02-24T11:19:27","date_gmt":"2026-02-24T10:19:27","guid":{"rendered":"https:\/\/imprimeideas.es\/?post_type=product&p=39530"},"modified":"2026-02-26T18:19:29","modified_gmt":"2026-02-26T17:19:29","slug":"kaftan-roseux","status":"publish","type":"product","link":"https:\/\/imprimeideas.es\/en\/product\/kaftan-roseux\/","title":{"rendered":"Kaftan Roseux"},"content":{"rendered":"<p>Kaft\u00e1n de suave tacto y terminaci\u00f3n con flecos. Talla \u00fanica para adulto y fabricado en material 100% algod\u00f3n.<\/p>","protected":false},"excerpt":{"rendered":"<p>Talla \u00danica. Adulto<\/p>","protected":false},"featured_media":39774,"comment_status":"open","ping_status":"open","template":"","meta":{"inline_featured_image":false},"product_brand":[],"product_cat":[119,128,114],"product_tag":[],"class_list":{"0":"post-39530","1":"product","2":"type-product","3":"status-publish","4":"has-post-thumbnail","6":"product_cat-mujer","7":"product_cat-outlet","8":"product_cat-verano-y-playa","10":"first","11":"instock","12":"taxable","13":"shipping-taxable","14":"purchasable","15":"product-type-variable","16":"has-default-attributes"},"aioseo_notices":[],"_links":{"self":[{"href":"https:\/\/imprimeideas.es\/en\/wp-json\/wp\/v2\/product\/39530","targetHints":{"allow":["GET"]}}],"collection":[{"href":"https:\/\/imprimeideas.es\/en\/wp-json\/wp\/v2\/product"}],"about":[{"href":"https:\/\/imprimeideas.es\/en\/wp-json\/wp\/v2\/types\/product"}],"replies":[{"embeddable":true,"href":"https:\/\/imprimeideas.es\/en\/wp-json\/wp\/v2\/comments?post=39530"}],"version-history":[{"count":1,"href":"https:\/\/imprimeideas.es\/en\/wp-json\/wp\/v2\/product\/39530\/revisions"}],"predecessor-version":[{"id":54255,"href":"https:\/\/imprimeideas.es\/en\/wp-json\/wp\/v2\/product\/39530\/revisions\/54255"}],"wp:featuredmedia":[{"embeddable":true,"href":"https:\/\/imprimeideas.es\/en\/wp-json\/wp\/v2\/media\/39774"}],"wp:attachment":[{"href":"https:\/\/imprimeideas.es\/en\/wp-json\/wp\/v2\/media?parent=39530"}],"wp:term":[{"taxonomy":"product_brand","embeddable":true,"href":"https:\/\/imprimeideas.es\/en\/wp-json\/wp\/v2\/product_brand?post=39530"},{"taxonomy":"product_cat","embeddable":true,"href":"https:\/\/imprimeideas.es\/en\/wp-json\/wp\/v2\/product_cat?post=39530"},{"taxonomy":"product_tag","embeddable":true,"href":"https:\/\/imprimeideas.es\/en\/wp-json\/wp\/v2\/product_tag?post=39530"}],"curies":[{"name":"wp","href":"https:\/\/api.w.org\/{rel}","templated":true}]}}