{"id":39526,"date":"2026-02-24T11:19:27","date_gmt":"2026-02-24T10:19:27","guid":{"rendered":"https:\/\/imprimeideas.es\/?post_type=product&p=39526"},"modified":"2026-02-26T18:23:29","modified_gmt":"2026-02-26T17:23:29","slug":"bidon-yonsol","status":"publish","type":"product","link":"https:\/\/imprimeideas.es\/en\/product\/bidon-yonsol\/","title":{"rendered":"Bid\u00f3n Yonsol"},"content":{"rendered":"<p>Bid\u00f3n transparente de cristal de 500 ml de capacidad, con tap\u00f3n a rosca en bamb\u00fa y libre de BPA. Presentado en atractiva caja de dise\u00f1o kraft.<\/p>","protected":false},"excerpt":{"rendered":"<p>500 ml. No apto para sublimaci\u00f3n<\/p>","protected":false},"featured_media":85521,"comment_status":"open","ping_status":"open","template":"","meta":{"inline_featured_image":false},"product_brand":[],"product_cat":[122,115,97],"product_tag":[],"class_list":{"0":"post-39526","1":"product","2":"type-product","3":"status-publish","4":"has-post-thumbnail","6":"product_cat-articulos-sostenibles","7":"product_cat-sublimacion","8":"product_cat-tazas-jarras-y-termos","10":"first","11":"instock","12":"taxable","13":"shipping-taxable","14":"purchasable","15":"product-type-variable","16":"has-default-attributes"},"aioseo_notices":[],"_links":{"self":[{"href":"https:\/\/imprimeideas.es\/en\/wp-json\/wp\/v2\/product\/39526","targetHints":{"allow":["GET"]}}],"collection":[{"href":"https:\/\/imprimeideas.es\/en\/wp-json\/wp\/v2\/product"}],"about":[{"href":"https:\/\/imprimeideas.es\/en\/wp-json\/wp\/v2\/types\/product"}],"replies":[{"embeddable":true,"href":"https:\/\/imprimeideas.es\/en\/wp-json\/wp\/v2\/comments?post=39526"}],"version-history":[{"count":1,"href":"https:\/\/imprimeideas.es\/en\/wp-json\/wp\/v2\/product\/39526\/revisions"}],"predecessor-version":[{"id":54253,"href":"https:\/\/imprimeideas.es\/en\/wp-json\/wp\/v2\/product\/39526\/revisions\/54253"}],"wp:featuredmedia":[{"embeddable":true,"href":"https:\/\/imprimeideas.es\/en\/wp-json\/wp\/v2\/media\/85521"}],"wp:attachment":[{"href":"https:\/\/imprimeideas.es\/en\/wp-json\/wp\/v2\/media?parent=39526"}],"wp:term":[{"taxonomy":"product_brand","embeddable":true,"href":"https:\/\/imprimeideas.es\/en\/wp-json\/wp\/v2\/product_brand?post=39526"},{"taxonomy":"product_cat","embeddable":true,"href":"https:\/\/imprimeideas.es\/en\/wp-json\/wp\/v2\/product_cat?post=39526"},{"taxonomy":"product_tag","embeddable":true,"href":"https:\/\/imprimeideas.es\/en\/wp-json\/wp\/v2\/product_tag?post=39526"}],"curies":[{"name":"wp","href":"https:\/\/api.w.org\/{rel}","templated":true}]}}