{"id":39524,"date":"2026-02-24T11:19:27","date_gmt":"2026-02-24T10:19:27","guid":{"rendered":"https:\/\/imprimeideas.es\/?post_type=product&p=39524"},"modified":"2026-02-26T18:23:11","modified_gmt":"2026-02-26T17:23:11","slug":"bidon-sublimacion-crafor","status":"publish","type":"product","link":"https:\/\/imprimeideas.es\/en\/product\/bidon-sublimacion-crafor\/","title":{"rendered":"Bid\u00f3n Sublimaci\u00f3n Crafor"},"content":{"rendered":"<p>Bid\u00f3n de acero inox de 700ml de capacidad. Acabado en suave y brillante color blanco, especialmente dise\u00f1ado para marcaje en sublimaci\u00f3n. Con tap\u00f3n de seguridad en acero inox, libre de BPA. Presentado en atractiva caja de dise\u00f1o.<\/p>","protected":false},"excerpt":{"rendered":"<p>750 ml<\/p>","protected":false},"featured_media":60999,"comment_status":"open","ping_status":"open","template":"","meta":{"inline_featured_image":false},"product_brand":[],"product_cat":[115,97],"product_tag":[],"class_list":{"0":"post-39524","1":"product","2":"type-product","3":"status-publish","4":"has-post-thumbnail","6":"product_cat-sublimacion","7":"product_cat-tazas-jarras-y-termos","9":"first","10":"instock","11":"taxable","12":"shipping-taxable","13":"purchasable","14":"product-type-variable","15":"has-default-attributes"},"aioseo_notices":[],"_links":{"self":[{"href":"https:\/\/imprimeideas.es\/en\/wp-json\/wp\/v2\/product\/39524","targetHints":{"allow":["GET"]}}],"collection":[{"href":"https:\/\/imprimeideas.es\/en\/wp-json\/wp\/v2\/product"}],"about":[{"href":"https:\/\/imprimeideas.es\/en\/wp-json\/wp\/v2\/types\/product"}],"replies":[{"embeddable":true,"href":"https:\/\/imprimeideas.es\/en\/wp-json\/wp\/v2\/comments?post=39524"}],"version-history":[{"count":1,"href":"https:\/\/imprimeideas.es\/en\/wp-json\/wp\/v2\/product\/39524\/revisions"}],"predecessor-version":[{"id":54252,"href":"https:\/\/imprimeideas.es\/en\/wp-json\/wp\/v2\/product\/39524\/revisions\/54252"}],"wp:featuredmedia":[{"embeddable":true,"href":"https:\/\/imprimeideas.es\/en\/wp-json\/wp\/v2\/media\/60999"}],"wp:attachment":[{"href":"https:\/\/imprimeideas.es\/en\/wp-json\/wp\/v2\/media?parent=39524"}],"wp:term":[{"taxonomy":"product_brand","embeddable":true,"href":"https:\/\/imprimeideas.es\/en\/wp-json\/wp\/v2\/product_brand?post=39524"},{"taxonomy":"product_cat","embeddable":true,"href":"https:\/\/imprimeideas.es\/en\/wp-json\/wp\/v2\/product_cat?post=39524"},{"taxonomy":"product_tag","embeddable":true,"href":"https:\/\/imprimeideas.es\/en\/wp-json\/wp\/v2\/product_tag?post=39524"}],"curies":[{"name":"wp","href":"https:\/\/api.w.org\/{rel}","templated":true}]}}