{"id":39520,"date":"2026-02-24T11:19:26","date_gmt":"2026-02-24T10:19:26","guid":{"rendered":"https:\/\/imprimeideas.es\/?post_type=product&p=39520"},"modified":"2026-02-26T18:13:47","modified_gmt":"2026-02-26T17:13:47","slug":"bidon-sublimacion-bredix","status":"publish","type":"product","link":"https:\/\/imprimeideas.es\/en\/product\/bidon-sublimacion-bredix\/","title":{"rendered":"Bid\u00f3n Sublimaci\u00f3n Bredix"},"content":{"rendered":"<p>Bid\u00f3n de aluminio de 800ml de capacidad. Acabado en suave y brillante color blanco, especialmente dise\u00f1ado para marcaje en sublimaci\u00f3n. Con tap\u00f3n de seguridad a rosca y mosquet\u00f3n met\u00e1lico de transporte. Presentado en atractiva caja de dise\u00f1o.<\/p>","protected":false},"excerpt":{"rendered":"<p>800 ml<\/p>","protected":false},"featured_media":64264,"comment_status":"open","ping_status":"open","template":"","meta":{"inline_featured_image":false},"product_brand":[],"product_cat":[115,97],"product_tag":[],"class_list":{"0":"post-39520","1":"product","2":"type-product","3":"status-publish","4":"has-post-thumbnail","6":"product_cat-sublimacion","7":"product_cat-tazas-jarras-y-termos","9":"first","10":"instock","11":"taxable","12":"shipping-taxable","13":"purchasable","14":"product-type-variable","15":"has-default-attributes"},"aioseo_notices":[],"_links":{"self":[{"href":"https:\/\/imprimeideas.es\/en\/wp-json\/wp\/v2\/product\/39520","targetHints":{"allow":["GET"]}}],"collection":[{"href":"https:\/\/imprimeideas.es\/en\/wp-json\/wp\/v2\/product"}],"about":[{"href":"https:\/\/imprimeideas.es\/en\/wp-json\/wp\/v2\/types\/product"}],"replies":[{"embeddable":true,"href":"https:\/\/imprimeideas.es\/en\/wp-json\/wp\/v2\/comments?post=39520"}],"version-history":[{"count":1,"href":"https:\/\/imprimeideas.es\/en\/wp-json\/wp\/v2\/product\/39520\/revisions"}],"predecessor-version":[{"id":54250,"href":"https:\/\/imprimeideas.es\/en\/wp-json\/wp\/v2\/product\/39520\/revisions\/54250"}],"wp:featuredmedia":[{"embeddable":true,"href":"https:\/\/imprimeideas.es\/en\/wp-json\/wp\/v2\/media\/64264"}],"wp:attachment":[{"href":"https:\/\/imprimeideas.es\/en\/wp-json\/wp\/v2\/media?parent=39520"}],"wp:term":[{"taxonomy":"product_brand","embeddable":true,"href":"https:\/\/imprimeideas.es\/en\/wp-json\/wp\/v2\/product_brand?post=39520"},{"taxonomy":"product_cat","embeddable":true,"href":"https:\/\/imprimeideas.es\/en\/wp-json\/wp\/v2\/product_cat?post=39520"},{"taxonomy":"product_tag","embeddable":true,"href":"https:\/\/imprimeideas.es\/en\/wp-json\/wp\/v2\/product_tag?post=39520"}],"curies":[{"name":"wp","href":"https:\/\/api.w.org\/{rel}","templated":true}]}}