{"id":39509,"date":"2026-02-24T11:19:25","date_gmt":"2026-02-24T10:19:25","guid":{"rendered":"https:\/\/imprimeideas.es\/?post_type=product&p=39509"},"modified":"2026-02-25T19:52:09","modified_gmt":"2026-02-25T18:52:09","slug":"trofeo-nigrum","status":"publish","type":"product","link":"https:\/\/imprimeideas.es\/en\/product\/trofeo-nigrum\/","title":{"rendered":"Trofeo Nigrum"},"content":{"rendered":"<p>Trofeo de grueso cristal con dise\u00f1o mundo y resistente base. Especialmente dise\u00f1ado para marcaje a l\u00e1ser y presentado en estuche de protecci\u00f3n en resistente cart\u00f3n y cierre magn\u00e9tico, con interior troquelado en espuma.<\/p>","protected":false},"excerpt":{"rendered":"<p>Trofeo de grueso cristal con dise\u00f1o mundo y resistente base. Especialmente dise\u00f1ado para marcaje a l\u00e1ser y presentado en estuche<\/p>","protected":false},"featured_media":41410,"comment_status":"open","ping_status":"open","template":"","meta":{"inline_featured_image":false},"product_brand":[],"product_cat":[113],"product_tag":[],"class_list":{"0":"post-39509","1":"product","2":"type-product","3":"status-publish","4":"has-post-thumbnail","6":"product_cat-eventos-y-fiesta","8":"first","9":"outofstock","10":"taxable","11":"shipping-taxable","12":"purchasable","13":"product-type-variable","14":"has-default-attributes"},"aioseo_notices":[],"_links":{"self":[{"href":"https:\/\/imprimeideas.es\/en\/wp-json\/wp\/v2\/product\/39509","targetHints":{"allow":["GET"]}}],"collection":[{"href":"https:\/\/imprimeideas.es\/en\/wp-json\/wp\/v2\/product"}],"about":[{"href":"https:\/\/imprimeideas.es\/en\/wp-json\/wp\/v2\/types\/product"}],"replies":[{"embeddable":true,"href":"https:\/\/imprimeideas.es\/en\/wp-json\/wp\/v2\/comments?post=39509"}],"version-history":[{"count":1,"href":"https:\/\/imprimeideas.es\/en\/wp-json\/wp\/v2\/product\/39509\/revisions"}],"predecessor-version":[{"id":54246,"href":"https:\/\/imprimeideas.es\/en\/wp-json\/wp\/v2\/product\/39509\/revisions\/54246"}],"wp:featuredmedia":[{"embeddable":true,"href":"https:\/\/imprimeideas.es\/en\/wp-json\/wp\/v2\/media\/41410"}],"wp:attachment":[{"href":"https:\/\/imprimeideas.es\/en\/wp-json\/wp\/v2\/media?parent=39509"}],"wp:term":[{"taxonomy":"product_brand","embeddable":true,"href":"https:\/\/imprimeideas.es\/en\/wp-json\/wp\/v2\/product_brand?post=39509"},{"taxonomy":"product_cat","embeddable":true,"href":"https:\/\/imprimeideas.es\/en\/wp-json\/wp\/v2\/product_cat?post=39509"},{"taxonomy":"product_tag","embeddable":true,"href":"https:\/\/imprimeideas.es\/en\/wp-json\/wp\/v2\/product_tag?post=39509"}],"curies":[{"name":"wp","href":"https:\/\/api.w.org\/{rel}","templated":true}]}}