{"id":39507,"date":"2026-02-24T11:19:25","date_gmt":"2026-02-24T10:19:25","guid":{"rendered":"https:\/\/imprimeideas.es\/?post_type=product&p=39507"},"modified":"2026-02-26T18:28:06","modified_gmt":"2026-02-26T17:28:06","slug":"trofeo-lanton","status":"publish","type":"product","link":"https:\/\/imprimeideas.es\/en\/product\/trofeo-lanton\/","title":{"rendered":"Trofeo Lanton"},"content":{"rendered":"<p>Trofeo de grueso cristal con original dise\u00f1o y resistente base. Especialmente dise\u00f1ado para marcaje a l\u00e1ser y presentado en estuche de protecci\u00f3n en resistente cart\u00f3n y cierre magn\u00e9tico, con interior troquelado en espuma.<\/p>","protected":false},"excerpt":{"rendered":"<p>Trofeo de grueso cristal con original dise\u00f1o y resistente base. Especialmente dise\u00f1ado para marcaje a l\u00e1ser y presentado en estuche<\/p>","protected":false},"featured_media":40757,"comment_status":"open","ping_status":"open","template":"","meta":{"inline_featured_image":false},"product_brand":[],"product_cat":[113,106],"product_tag":[],"class_list":{"0":"post-39507","1":"product","2":"type-product","3":"status-publish","4":"has-post-thumbnail","6":"product_cat-eventos-y-fiesta","7":"product_cat-regalos-y-premiums","9":"first","10":"instock","11":"taxable","12":"shipping-taxable","13":"purchasable","14":"product-type-variable","15":"has-default-attributes"},"aioseo_notices":[],"_links":{"self":[{"href":"https:\/\/imprimeideas.es\/en\/wp-json\/wp\/v2\/product\/39507","targetHints":{"allow":["GET"]}}],"collection":[{"href":"https:\/\/imprimeideas.es\/en\/wp-json\/wp\/v2\/product"}],"about":[{"href":"https:\/\/imprimeideas.es\/en\/wp-json\/wp\/v2\/types\/product"}],"replies":[{"embeddable":true,"href":"https:\/\/imprimeideas.es\/en\/wp-json\/wp\/v2\/comments?post=39507"}],"version-history":[{"count":1,"href":"https:\/\/imprimeideas.es\/en\/wp-json\/wp\/v2\/product\/39507\/revisions"}],"predecessor-version":[{"id":54245,"href":"https:\/\/imprimeideas.es\/en\/wp-json\/wp\/v2\/product\/39507\/revisions\/54245"}],"wp:featuredmedia":[{"embeddable":true,"href":"https:\/\/imprimeideas.es\/en\/wp-json\/wp\/v2\/media\/40757"}],"wp:attachment":[{"href":"https:\/\/imprimeideas.es\/en\/wp-json\/wp\/v2\/media?parent=39507"}],"wp:term":[{"taxonomy":"product_brand","embeddable":true,"href":"https:\/\/imprimeideas.es\/en\/wp-json\/wp\/v2\/product_brand?post=39507"},{"taxonomy":"product_cat","embeddable":true,"href":"https:\/\/imprimeideas.es\/en\/wp-json\/wp\/v2\/product_cat?post=39507"},{"taxonomy":"product_tag","embeddable":true,"href":"https:\/\/imprimeideas.es\/en\/wp-json\/wp\/v2\/product_tag?post=39507"}],"curies":[{"name":"wp","href":"https:\/\/api.w.org\/{rel}","templated":true}]}}