{"id":39505,"date":"2026-02-24T11:19:25","date_gmt":"2026-02-24T10:19:25","guid":{"rendered":"https:\/\/imprimeideas.es\/?post_type=product&p=39505"},"modified":"2026-02-26T18:03:13","modified_gmt":"2026-02-26T17:03:13","slug":"set-bolas-tuduk","status":"publish","type":"product","link":"https:\/\/imprimeideas.es\/en\/product\/set-bolas-tuduk\/","title":{"rendered":"Set Bolas Tuduk"},"content":{"rendered":"<p>Set de 2 bolas de l\u00ednea nature para la pr\u00e1ctica del yoga y otras actividades. Fabricadas en resistente corcho natural y presentadas en funda de algod\u00f3n con cierre de cord\u00f3n. Con ilustraciones de ejercicios.<\/p>","protected":false},"excerpt":{"rendered":"<p>2 Piezas. Funda Algod\u00f3n<\/p>","protected":false},"featured_media":86054,"comment_status":"open","ping_status":"open","template":"","meta":{"inline_featured_image":false},"product_brand":[],"product_cat":[122,101],"product_tag":[],"class_list":{"0":"post-39505","1":"product","2":"type-product","3":"status-publish","4":"has-post-thumbnail","6":"product_cat-articulos-sostenibles","7":"product_cat-deporte-y-aventura","9":"first","10":"instock","11":"taxable","12":"shipping-taxable","13":"purchasable","14":"product-type-variable","15":"has-default-attributes"},"aioseo_notices":[],"_links":{"self":[{"href":"https:\/\/imprimeideas.es\/en\/wp-json\/wp\/v2\/product\/39505","targetHints":{"allow":["GET"]}}],"collection":[{"href":"https:\/\/imprimeideas.es\/en\/wp-json\/wp\/v2\/product"}],"about":[{"href":"https:\/\/imprimeideas.es\/en\/wp-json\/wp\/v2\/types\/product"}],"replies":[{"embeddable":true,"href":"https:\/\/imprimeideas.es\/en\/wp-json\/wp\/v2\/comments?post=39505"}],"version-history":[{"count":1,"href":"https:\/\/imprimeideas.es\/en\/wp-json\/wp\/v2\/product\/39505\/revisions"}],"predecessor-version":[{"id":54244,"href":"https:\/\/imprimeideas.es\/en\/wp-json\/wp\/v2\/product\/39505\/revisions\/54244"}],"wp:featuredmedia":[{"embeddable":true,"href":"https:\/\/imprimeideas.es\/en\/wp-json\/wp\/v2\/media\/86054"}],"wp:attachment":[{"href":"https:\/\/imprimeideas.es\/en\/wp-json\/wp\/v2\/media?parent=39505"}],"wp:term":[{"taxonomy":"product_brand","embeddable":true,"href":"https:\/\/imprimeideas.es\/en\/wp-json\/wp\/v2\/product_brand?post=39505"},{"taxonomy":"product_cat","embeddable":true,"href":"https:\/\/imprimeideas.es\/en\/wp-json\/wp\/v2\/product_cat?post=39505"},{"taxonomy":"product_tag","embeddable":true,"href":"https:\/\/imprimeideas.es\/en\/wp-json\/wp\/v2\/product_tag?post=39505"}],"curies":[{"name":"wp","href":"https:\/\/api.w.org\/{rel}","templated":true}]}}