{"id":39503,"date":"2026-02-24T11:19:24","date_gmt":"2026-02-24T10:19:24","guid":{"rendered":"https:\/\/imprimeideas.es\/?post_type=product&p=39503"},"modified":"2026-02-26T18:19:10","modified_gmt":"2026-02-26T17:19:10","slug":"bolsa-biggy","status":"publish","type":"product","link":"https:\/\/imprimeideas.es\/en\/product\/bolsa-biggy\/","title":{"rendered":"Bolsa Biggy"},"content":{"rendered":"<p>Bolsa de l\u00ednea nature y en resistente fieltro RPET reciclado, fruto de la combinaci\u00f3n del proceso de reciclaje de materiales pl\u00e1sticos junto con la t\u00e9cnica milenaria de fabricaci\u00f3n del fieltro, dando como resultado un material de eco-tendencia que, adem\u00e1s de ser de origen reciclado, tambi\u00e9n se convierte en reciclable. De dise\u00f1o rectangular, con fuelle en la base y asas reforzadas largas (70 x 3,5 cm). Resistencia hasta 6kg, con distintivo RPET en etiqueta exterior.<\/p>","protected":false},"excerpt":{"rendered":"<p>Bolsa de l\u00ednea nature y en resistente fieltro RPET reciclado, fruto de la combinaci\u00f3n del proceso de reciclaje de materiales<\/p>","protected":false},"featured_media":75819,"comment_status":"open","ping_status":"open","template":"","meta":{"inline_featured_image":false},"product_brand":[],"product_cat":[122,99,96],"product_tag":[],"class_list":{"0":"post-39503","1":"product","2":"type-product","3":"status-publish","4":"has-post-thumbnail","6":"product_cat-articulos-sostenibles","7":"product_cat-bolsas","8":"product_cat-oficina-y-negocios","10":"first","11":"instock","12":"taxable","13":"shipping-taxable","14":"purchasable","15":"product-type-variable","16":"has-default-attributes"},"aioseo_notices":[],"_links":{"self":[{"href":"https:\/\/imprimeideas.es\/en\/wp-json\/wp\/v2\/product\/39503","targetHints":{"allow":["GET"]}}],"collection":[{"href":"https:\/\/imprimeideas.es\/en\/wp-json\/wp\/v2\/product"}],"about":[{"href":"https:\/\/imprimeideas.es\/en\/wp-json\/wp\/v2\/types\/product"}],"replies":[{"embeddable":true,"href":"https:\/\/imprimeideas.es\/en\/wp-json\/wp\/v2\/comments?post=39503"}],"version-history":[{"count":1,"href":"https:\/\/imprimeideas.es\/en\/wp-json\/wp\/v2\/product\/39503\/revisions"}],"predecessor-version":[{"id":54243,"href":"https:\/\/imprimeideas.es\/en\/wp-json\/wp\/v2\/product\/39503\/revisions\/54243"}],"wp:featuredmedia":[{"embeddable":true,"href":"https:\/\/imprimeideas.es\/en\/wp-json\/wp\/v2\/media\/75819"}],"wp:attachment":[{"href":"https:\/\/imprimeideas.es\/en\/wp-json\/wp\/v2\/media?parent=39503"}],"wp:term":[{"taxonomy":"product_brand","embeddable":true,"href":"https:\/\/imprimeideas.es\/en\/wp-json\/wp\/v2\/product_brand?post=39503"},{"taxonomy":"product_cat","embeddable":true,"href":"https:\/\/imprimeideas.es\/en\/wp-json\/wp\/v2\/product_cat?post=39503"},{"taxonomy":"product_tag","embeddable":true,"href":"https:\/\/imprimeideas.es\/en\/wp-json\/wp\/v2\/product_tag?post=39503"}],"curies":[{"name":"wp","href":"https:\/\/api.w.org\/{rel}","templated":true}]}}