{"id":39484,"date":"2026-02-24T11:19:23","date_gmt":"2026-02-24T10:19:23","guid":{"rendered":"https:\/\/imprimeideas.es\/?post_type=product&p=39484"},"modified":"2026-02-26T18:37:36","modified_gmt":"2026-02-26T17:37:36","slug":"tabla-condax","status":"publish","type":"product","link":"https:\/\/imprimeideas.es\/en\/product\/tabla-condax\/","title":{"rendered":"Tabla Condax"},"content":{"rendered":"<p>Tabla de l\u00ednea nature fabricada en bamb\u00fa, ideal para presentaci\u00f3n. Con asa para f\u00e1cil manejo y agujero para colgar.<\/p>","protected":false},"excerpt":{"rendered":"<p>Tabla de l\u00ednea nature fabricada en bamb\u00fa, ideal para presentaci\u00f3n. Con asa para f\u00e1cil manejo y agujero para colgar.<\/p>","protected":false},"featured_media":71245,"comment_status":"open","ping_status":"open","template":"","meta":{"inline_featured_image":false},"product_brand":[],"product_cat":[122,104,105],"product_tag":[],"class_list":{"0":"post-39484","1":"product","2":"type-product","3":"status-publish","4":"has-post-thumbnail","6":"product_cat-articulos-sostenibles","7":"product_cat-hogar-y-decoracion","8":"product_cat-vino-accesorios-de-bebida-y-hosteleria","10":"first","11":"instock","12":"taxable","13":"shipping-taxable","14":"purchasable","15":"product-type-variable","16":"has-default-attributes"},"aioseo_notices":[],"_links":{"self":[{"href":"https:\/\/imprimeideas.es\/en\/wp-json\/wp\/v2\/product\/39484","targetHints":{"allow":["GET"]}}],"collection":[{"href":"https:\/\/imprimeideas.es\/en\/wp-json\/wp\/v2\/product"}],"about":[{"href":"https:\/\/imprimeideas.es\/en\/wp-json\/wp\/v2\/types\/product"}],"replies":[{"embeddable":true,"href":"https:\/\/imprimeideas.es\/en\/wp-json\/wp\/v2\/comments?post=39484"}],"version-history":[{"count":1,"href":"https:\/\/imprimeideas.es\/en\/wp-json\/wp\/v2\/product\/39484\/revisions"}],"predecessor-version":[{"id":54236,"href":"https:\/\/imprimeideas.es\/en\/wp-json\/wp\/v2\/product\/39484\/revisions\/54236"}],"wp:featuredmedia":[{"embeddable":true,"href":"https:\/\/imprimeideas.es\/en\/wp-json\/wp\/v2\/media\/71245"}],"wp:attachment":[{"href":"https:\/\/imprimeideas.es\/en\/wp-json\/wp\/v2\/media?parent=39484"}],"wp:term":[{"taxonomy":"product_brand","embeddable":true,"href":"https:\/\/imprimeideas.es\/en\/wp-json\/wp\/v2\/product_brand?post=39484"},{"taxonomy":"product_cat","embeddable":true,"href":"https:\/\/imprimeideas.es\/en\/wp-json\/wp\/v2\/product_cat?post=39484"},{"taxonomy":"product_tag","embeddable":true,"href":"https:\/\/imprimeideas.es\/en\/wp-json\/wp\/v2\/product_tag?post=39484"}],"curies":[{"name":"wp","href":"https:\/\/api.w.org\/{rel}","templated":true}]}}