{"id":39482,"date":"2026-02-24T11:19:22","date_gmt":"2026-02-24T10:19:22","guid":{"rendered":"https:\/\/imprimeideas.es\/?post_type=product&p=39482"},"modified":"2026-02-26T18:19:29","modified_gmt":"2026-02-26T17:19:29","slug":"dispensador-toallitas-desmaquillantes-kiam","status":"publish","type":"product","link":"https:\/\/imprimeideas.es\/en\/product\/dispensador-toallitas-desmaquillantes-kiam\/","title":{"rendered":"Dispensador Toallitas Desmaquillantes Kiam"},"content":{"rendered":"<p>Dispensador de discos desmaqu\u00edllantes de l\u00ednea nature, fabricado en bamb\u00fa para as\u00ed fomentar el uso de materias primas naturales. Incluye 10 discos de algod\u00f3n reutilizables y bolsa de lavado. Presentado en caja individual de dise\u00f1o eco.<\/p>","protected":false},"excerpt":{"rendered":"<p>10 Toallitas Algod\u00f3n. Reutilizables. Bolsa Lavado Algod\u00f3n Incluida<\/p>","protected":false},"featured_media":74842,"comment_status":"open","ping_status":"open","template":"","meta":{"inline_featured_image":false},"product_brand":[],"product_cat":[122,107,104],"product_tag":[],"class_list":{"0":"post-39482","1":"product","2":"type-product","3":"status-publish","4":"has-post-thumbnail","6":"product_cat-articulos-sostenibles","7":"product_cat-cuidado-personal-y-pharma","8":"product_cat-hogar-y-decoracion","10":"first","11":"instock","12":"taxable","13":"shipping-taxable","14":"purchasable","15":"product-type-variable","16":"has-default-attributes"},"aioseo_notices":[],"_links":{"self":[{"href":"https:\/\/imprimeideas.es\/en\/wp-json\/wp\/v2\/product\/39482","targetHints":{"allow":["GET"]}}],"collection":[{"href":"https:\/\/imprimeideas.es\/en\/wp-json\/wp\/v2\/product"}],"about":[{"href":"https:\/\/imprimeideas.es\/en\/wp-json\/wp\/v2\/types\/product"}],"replies":[{"embeddable":true,"href":"https:\/\/imprimeideas.es\/en\/wp-json\/wp\/v2\/comments?post=39482"}],"version-history":[{"count":1,"href":"https:\/\/imprimeideas.es\/en\/wp-json\/wp\/v2\/product\/39482\/revisions"}],"predecessor-version":[{"id":54235,"href":"https:\/\/imprimeideas.es\/en\/wp-json\/wp\/v2\/product\/39482\/revisions\/54235"}],"wp:featuredmedia":[{"embeddable":true,"href":"https:\/\/imprimeideas.es\/en\/wp-json\/wp\/v2\/media\/74842"}],"wp:attachment":[{"href":"https:\/\/imprimeideas.es\/en\/wp-json\/wp\/v2\/media?parent=39482"}],"wp:term":[{"taxonomy":"product_brand","embeddable":true,"href":"https:\/\/imprimeideas.es\/en\/wp-json\/wp\/v2\/product_brand?post=39482"},{"taxonomy":"product_cat","embeddable":true,"href":"https:\/\/imprimeideas.es\/en\/wp-json\/wp\/v2\/product_cat?post=39482"},{"taxonomy":"product_tag","embeddable":true,"href":"https:\/\/imprimeideas.es\/en\/wp-json\/wp\/v2\/product_tag?post=39482"}],"curies":[{"name":"wp","href":"https:\/\/api.w.org\/{rel}","templated":true}]}}