{"id":39478,"date":"2026-02-24T11:19:22","date_gmt":"2026-02-24T10:19:22","guid":{"rendered":"https:\/\/imprimeideas.es\/?post_type=product&p=39478"},"modified":"2026-02-26T18:32:46","modified_gmt":"2026-02-26T17:32:46","slug":"espejo-rinoco","status":"publish","type":"product","link":"https:\/\/imprimeideas.es\/en\/product\/espejo-rinoco\/","title":{"rendered":"Espejo Rinoco"},"content":{"rendered":"<p>Espejo de sobremesa de l\u00ednea nature fabricado en bamb\u00fa. Con dos espejos (1X y 3X). Presentaci\u00f3n en caja individual de dise\u00f1o eco.<\/p>","protected":false},"excerpt":{"rendered":"<p>1 Aumento 3X<\/p>","protected":false},"featured_media":74555,"comment_status":"open","ping_status":"open","template":"","meta":{"inline_featured_image":false},"product_brand":[],"product_cat":[122,107,104,119],"product_tag":[],"class_list":{"0":"post-39478","1":"product","2":"type-product","3":"status-publish","4":"has-post-thumbnail","6":"product_cat-articulos-sostenibles","7":"product_cat-cuidado-personal-y-pharma","8":"product_cat-hogar-y-decoracion","9":"product_cat-mujer","11":"first","12":"instock","13":"taxable","14":"shipping-taxable","15":"purchasable","16":"product-type-variable","17":"has-default-attributes"},"aioseo_notices":[],"_links":{"self":[{"href":"https:\/\/imprimeideas.es\/en\/wp-json\/wp\/v2\/product\/39478","targetHints":{"allow":["GET"]}}],"collection":[{"href":"https:\/\/imprimeideas.es\/en\/wp-json\/wp\/v2\/product"}],"about":[{"href":"https:\/\/imprimeideas.es\/en\/wp-json\/wp\/v2\/types\/product"}],"replies":[{"embeddable":true,"href":"https:\/\/imprimeideas.es\/en\/wp-json\/wp\/v2\/comments?post=39478"}],"version-history":[{"count":1,"href":"https:\/\/imprimeideas.es\/en\/wp-json\/wp\/v2\/product\/39478\/revisions"}],"predecessor-version":[{"id":54233,"href":"https:\/\/imprimeideas.es\/en\/wp-json\/wp\/v2\/product\/39478\/revisions\/54233"}],"wp:featuredmedia":[{"embeddable":true,"href":"https:\/\/imprimeideas.es\/en\/wp-json\/wp\/v2\/media\/74555"}],"wp:attachment":[{"href":"https:\/\/imprimeideas.es\/en\/wp-json\/wp\/v2\/media?parent=39478"}],"wp:term":[{"taxonomy":"product_brand","embeddable":true,"href":"https:\/\/imprimeideas.es\/en\/wp-json\/wp\/v2\/product_brand?post=39478"},{"taxonomy":"product_cat","embeddable":true,"href":"https:\/\/imprimeideas.es\/en\/wp-json\/wp\/v2\/product_cat?post=39478"},{"taxonomy":"product_tag","embeddable":true,"href":"https:\/\/imprimeideas.es\/en\/wp-json\/wp\/v2\/product_tag?post=39478"}],"curies":[{"name":"wp","href":"https:\/\/api.w.org\/{rel}","templated":true}]}}