{"id":39476,"date":"2026-02-24T11:19:22","date_gmt":"2026-02-24T10:19:22","guid":{"rendered":"https:\/\/imprimeideas.es\/?post_type=product&p=39476"},"modified":"2026-02-26T18:08:10","modified_gmt":"2026-02-26T17:08:10","slug":"espejo-arendel","status":"publish","type":"product","link":"https:\/\/imprimeideas.es\/en\/product\/espejo-arendel\/","title":{"rendered":"Espejo Arendel"},"content":{"rendered":"<p>Espejo 1X de l\u00ednea nature fabricado en bamb\u00fa. Presentado en caja individual de dise\u00f1o eco.<\/p>","protected":false},"excerpt":{"rendered":"<p>Espejo 1X de l\u00ednea nature fabricado en bamb\u00fa. Presentado en caja individual de dise\u00f1o eco.<\/p>","protected":false},"featured_media":82575,"comment_status":"open","ping_status":"open","template":"","meta":{"inline_featured_image":false},"product_brand":[],"product_cat":[122,107,119],"product_tag":[],"class_list":{"0":"post-39476","1":"product","2":"type-product","3":"status-publish","4":"has-post-thumbnail","6":"product_cat-articulos-sostenibles","7":"product_cat-cuidado-personal-y-pharma","8":"product_cat-mujer","10":"first","11":"instock","12":"taxable","13":"shipping-taxable","14":"purchasable","15":"product-type-variable","16":"has-default-attributes"},"aioseo_notices":[],"_links":{"self":[{"href":"https:\/\/imprimeideas.es\/en\/wp-json\/wp\/v2\/product\/39476","targetHints":{"allow":["GET"]}}],"collection":[{"href":"https:\/\/imprimeideas.es\/en\/wp-json\/wp\/v2\/product"}],"about":[{"href":"https:\/\/imprimeideas.es\/en\/wp-json\/wp\/v2\/types\/product"}],"replies":[{"embeddable":true,"href":"https:\/\/imprimeideas.es\/en\/wp-json\/wp\/v2\/comments?post=39476"}],"version-history":[{"count":1,"href":"https:\/\/imprimeideas.es\/en\/wp-json\/wp\/v2\/product\/39476\/revisions"}],"predecessor-version":[{"id":54232,"href":"https:\/\/imprimeideas.es\/en\/wp-json\/wp\/v2\/product\/39476\/revisions\/54232"}],"wp:featuredmedia":[{"embeddable":true,"href":"https:\/\/imprimeideas.es\/en\/wp-json\/wp\/v2\/media\/82575"}],"wp:attachment":[{"href":"https:\/\/imprimeideas.es\/en\/wp-json\/wp\/v2\/media?parent=39476"}],"wp:term":[{"taxonomy":"product_brand","embeddable":true,"href":"https:\/\/imprimeideas.es\/en\/wp-json\/wp\/v2\/product_brand?post=39476"},{"taxonomy":"product_cat","embeddable":true,"href":"https:\/\/imprimeideas.es\/en\/wp-json\/wp\/v2\/product_cat?post=39476"},{"taxonomy":"product_tag","embeddable":true,"href":"https:\/\/imprimeideas.es\/en\/wp-json\/wp\/v2\/product_tag?post=39476"}],"curies":[{"name":"wp","href":"https:\/\/api.w.org\/{rel}","templated":true}]}}