{"id":39474,"date":"2026-02-24T11:19:22","date_gmt":"2026-02-24T10:19:22","guid":{"rendered":"https:\/\/imprimeideas.es\/?post_type=product&p=39474"},"modified":"2026-02-26T18:32:51","modified_gmt":"2026-02-26T17:32:51","slug":"boligrafo-usb-kornon-16gb","status":"publish","type":"product","link":"https:\/\/imprimeideas.es\/en\/product\/boligrafo-usb-kornon-16gb\/","title":{"rendered":"Bol\u00edgrafo USB Kornon 16GB"},"content":{"rendered":"<p>Bol\u00edgrafo USB de l\u00ednea nature. Con memoria USB de 16GB de capacidad integrada en la capucha y fabricado en madera, para as\u00ed fomentar la utilizaci\u00f3n de materiales naturales. De mecanismo giratorio y con tinta azul. Presentado en atractiva caja de acabado kraft.<\/p>","protected":false},"excerpt":{"rendered":"<p>Bol\u00edgrafo USB de l\u00ednea nature. Con memoria USB de 16GB de capacidad integrada en la capucha y fabricado en madera,<\/p>","protected":false},"featured_media":85507,"comment_status":"open","ping_status":"open","template":"","meta":{"inline_featured_image":false},"product_brand":[],"product_cat":[122,100,95,787],"product_tag":[],"class_list":{"0":"post-39474","1":"product","2":"type-product","3":"status-publish","4":"has-post-thumbnail","6":"product_cat-articulos-sostenibles","7":"product_cat-escritura","8":"product_cat-tecnologia-y-accesorios","9":"product_cat-usb-stock","11":"first","12":"instock","13":"taxable","14":"shipping-taxable","15":"purchasable","16":"product-type-variable","17":"has-default-attributes"},"aioseo_notices":[],"_links":{"self":[{"href":"https:\/\/imprimeideas.es\/en\/wp-json\/wp\/v2\/product\/39474","targetHints":{"allow":["GET"]}}],"collection":[{"href":"https:\/\/imprimeideas.es\/en\/wp-json\/wp\/v2\/product"}],"about":[{"href":"https:\/\/imprimeideas.es\/en\/wp-json\/wp\/v2\/types\/product"}],"replies":[{"embeddable":true,"href":"https:\/\/imprimeideas.es\/en\/wp-json\/wp\/v2\/comments?post=39474"}],"version-history":[{"count":1,"href":"https:\/\/imprimeideas.es\/en\/wp-json\/wp\/v2\/product\/39474\/revisions"}],"predecessor-version":[{"id":54231,"href":"https:\/\/imprimeideas.es\/en\/wp-json\/wp\/v2\/product\/39474\/revisions\/54231"}],"wp:featuredmedia":[{"embeddable":true,"href":"https:\/\/imprimeideas.es\/en\/wp-json\/wp\/v2\/media\/85507"}],"wp:attachment":[{"href":"https:\/\/imprimeideas.es\/en\/wp-json\/wp\/v2\/media?parent=39474"}],"wp:term":[{"taxonomy":"product_brand","embeddable":true,"href":"https:\/\/imprimeideas.es\/en\/wp-json\/wp\/v2\/product_brand?post=39474"},{"taxonomy":"product_cat","embeddable":true,"href":"https:\/\/imprimeideas.es\/en\/wp-json\/wp\/v2\/product_cat?post=39474"},{"taxonomy":"product_tag","embeddable":true,"href":"https:\/\/imprimeideas.es\/en\/wp-json\/wp\/v2\/product_tag?post=39474"}],"curies":[{"name":"wp","href":"https:\/\/api.w.org\/{rel}","templated":true}]}}