{"id":39470,"date":"2026-02-24T11:19:21","date_gmt":"2026-02-24T10:19:21","guid":{"rendered":"https:\/\/imprimeideas.es\/?post_type=product&p=39470"},"modified":"2026-02-26T18:37:39","modified_gmt":"2026-02-26T17:37:39","slug":"portafotos-estacion-meteorologica-krent","status":"publish","type":"product","link":"https:\/\/imprimeideas.es\/en\/product\/portafotos-estacion-meteorologica-krent\/","title":{"rendered":"Portafotos Estaci\u00f3n Meteorol\u00f3gica Krent"},"content":{"rendered":"<p>Portafotos estaci\u00f3n meteorol\u00f3gica de l\u00ednea nature, fabricada en bamb\u00fa pulido y con funciones term\u00f3metro, higr\u00f3metro y reloj. Para fotos de 9x14cm y con reloj con alimentaci\u00f3n a pilas (de bot\u00f3n incluidas). Presentado en atractiva caja de dise\u00f1o eco. Disponible manual de instrucciones en espa\u00f1ol e ingl\u00e9s.<\/p>","protected":false},"excerpt":{"rendered":"<p>Fotos: 9 x 14 cm. Pila Bot\u00f3n Incluida<\/p>","protected":false},"featured_media":84368,"comment_status":"open","ping_status":"open","template":"","meta":{"inline_featured_image":false},"product_brand":[],"product_cat":[122,104,96,95],"product_tag":[],"class_list":{"0":"post-39470","1":"product","2":"type-product","3":"status-publish","4":"has-post-thumbnail","6":"product_cat-articulos-sostenibles","7":"product_cat-hogar-y-decoracion","8":"product_cat-oficina-y-negocios","9":"product_cat-tecnologia-y-accesorios","11":"first","12":"instock","13":"taxable","14":"shipping-taxable","15":"purchasable","16":"product-type-variable","17":"has-default-attributes"},"aioseo_notices":[],"_links":{"self":[{"href":"https:\/\/imprimeideas.es\/en\/wp-json\/wp\/v2\/product\/39470","targetHints":{"allow":["GET"]}}],"collection":[{"href":"https:\/\/imprimeideas.es\/en\/wp-json\/wp\/v2\/product"}],"about":[{"href":"https:\/\/imprimeideas.es\/en\/wp-json\/wp\/v2\/types\/product"}],"replies":[{"embeddable":true,"href":"https:\/\/imprimeideas.es\/en\/wp-json\/wp\/v2\/comments?post=39470"}],"version-history":[{"count":1,"href":"https:\/\/imprimeideas.es\/en\/wp-json\/wp\/v2\/product\/39470\/revisions"}],"predecessor-version":[{"id":54229,"href":"https:\/\/imprimeideas.es\/en\/wp-json\/wp\/v2\/product\/39470\/revisions\/54229"}],"wp:featuredmedia":[{"embeddable":true,"href":"https:\/\/imprimeideas.es\/en\/wp-json\/wp\/v2\/media\/84368"}],"wp:attachment":[{"href":"https:\/\/imprimeideas.es\/en\/wp-json\/wp\/v2\/media?parent=39470"}],"wp:term":[{"taxonomy":"product_brand","embeddable":true,"href":"https:\/\/imprimeideas.es\/en\/wp-json\/wp\/v2\/product_brand?post=39470"},{"taxonomy":"product_cat","embeddable":true,"href":"https:\/\/imprimeideas.es\/en\/wp-json\/wp\/v2\/product_cat?post=39470"},{"taxonomy":"product_tag","embeddable":true,"href":"https:\/\/imprimeideas.es\/en\/wp-json\/wp\/v2\/product_tag?post=39470"}],"curies":[{"name":"wp","href":"https:\/\/api.w.org\/{rel}","templated":true}]}}