{"id":39468,"date":"2026-02-24T11:19:21","date_gmt":"2026-02-24T10:19:21","guid":{"rendered":"https:\/\/imprimeideas.es\/?post_type=product&p=39468"},"modified":"2026-02-26T18:23:12","modified_gmt":"2026-02-26T17:23:12","slug":"mesa-zarbok","status":"publish","type":"product","link":"https:\/\/imprimeideas.es\/en\/product\/mesa-zarbok\/","title":{"rendered":"Mesa Zarbok"},"content":{"rendered":"<p>Mesa plegable para los aficionados al mundo del vino. Fabricada en bamb\u00fa, incluye compartimento para botella de 75cl y 2 soportes para copa. De f\u00e1cil plegado y tama\u00f1o compacto, presentada en atractiva caja individual de dise\u00f1o eco.<\/p>","protected":false},"excerpt":{"rendered":"<p>Plegable<\/p>","protected":false},"featured_media":84351,"comment_status":"open","ping_status":"open","template":"","meta":{"inline_featured_image":false},"product_brand":[],"product_cat":[122,101,102],"product_tag":[],"class_list":{"0":"post-39468","1":"product","2":"type-product","3":"status-publish","4":"has-post-thumbnail","6":"product_cat-articulos-sostenibles","7":"product_cat-deporte-y-aventura","8":"product_cat-ocio-y-tiempo-libre","10":"first","11":"instock","12":"taxable","13":"shipping-taxable","14":"purchasable","15":"product-type-variable","16":"has-default-attributes"},"aioseo_notices":[],"_links":{"self":[{"href":"https:\/\/imprimeideas.es\/en\/wp-json\/wp\/v2\/product\/39468","targetHints":{"allow":["GET"]}}],"collection":[{"href":"https:\/\/imprimeideas.es\/en\/wp-json\/wp\/v2\/product"}],"about":[{"href":"https:\/\/imprimeideas.es\/en\/wp-json\/wp\/v2\/types\/product"}],"replies":[{"embeddable":true,"href":"https:\/\/imprimeideas.es\/en\/wp-json\/wp\/v2\/comments?post=39468"}],"version-history":[{"count":1,"href":"https:\/\/imprimeideas.es\/en\/wp-json\/wp\/v2\/product\/39468\/revisions"}],"predecessor-version":[{"id":54228,"href":"https:\/\/imprimeideas.es\/en\/wp-json\/wp\/v2\/product\/39468\/revisions\/54228"}],"wp:featuredmedia":[{"embeddable":true,"href":"https:\/\/imprimeideas.es\/en\/wp-json\/wp\/v2\/media\/84351"}],"wp:attachment":[{"href":"https:\/\/imprimeideas.es\/en\/wp-json\/wp\/v2\/media?parent=39468"}],"wp:term":[{"taxonomy":"product_brand","embeddable":true,"href":"https:\/\/imprimeideas.es\/en\/wp-json\/wp\/v2\/product_brand?post=39468"},{"taxonomy":"product_cat","embeddable":true,"href":"https:\/\/imprimeideas.es\/en\/wp-json\/wp\/v2\/product_cat?post=39468"},{"taxonomy":"product_tag","embeddable":true,"href":"https:\/\/imprimeideas.es\/en\/wp-json\/wp\/v2\/product_tag?post=39468"}],"curies":[{"name":"wp","href":"https:\/\/api.w.org\/{rel}","templated":true}]}}