{"id":39466,"date":"2026-02-24T11:19:21","date_gmt":"2026-02-24T10:19:21","guid":{"rendered":"https:\/\/imprimeideas.es\/?post_type=product&p=39466"},"modified":"2026-02-26T18:19:35","modified_gmt":"2026-02-26T17:19:35","slug":"palas-playa-saiker","status":"publish","type":"product","link":"https:\/\/imprimeideas.es\/en\/product\/palas-playa-saiker\/","title":{"rendered":"Palas Playa Saiker"},"content":{"rendered":"<p>Par de palas de playa de l\u00ednea nature. Fabricadas en madera, con mango reforzado en ca\u00f1a de trigo. Presentadas en bolsa de rejilla y con pelota de ca\u00f1a de trigo. Distintivo en el mango.<\/p>","protected":false},"excerpt":{"rendered":"<p>Par de palas de playa de l\u00ednea nature. Fabricadas en madera, con mango reforzado en ca\u00f1a de trigo. Presentadas en<\/p>","protected":false},"featured_media":39876,"comment_status":"open","ping_status":"open","template":"","meta":{"inline_featured_image":false},"product_brand":[],"product_cat":[122,114],"product_tag":[],"class_list":{"0":"post-39466","1":"product","2":"type-product","3":"status-publish","4":"has-post-thumbnail","6":"product_cat-articulos-sostenibles","7":"product_cat-verano-y-playa","9":"first","10":"outofstock","11":"taxable","12":"shipping-taxable","13":"purchasable","14":"product-type-variable","15":"has-default-attributes"},"aioseo_notices":[],"_links":{"self":[{"href":"https:\/\/imprimeideas.es\/en\/wp-json\/wp\/v2\/product\/39466","targetHints":{"allow":["GET"]}}],"collection":[{"href":"https:\/\/imprimeideas.es\/en\/wp-json\/wp\/v2\/product"}],"about":[{"href":"https:\/\/imprimeideas.es\/en\/wp-json\/wp\/v2\/types\/product"}],"replies":[{"embeddable":true,"href":"https:\/\/imprimeideas.es\/en\/wp-json\/wp\/v2\/comments?post=39466"}],"version-history":[{"count":1,"href":"https:\/\/imprimeideas.es\/en\/wp-json\/wp\/v2\/product\/39466\/revisions"}],"predecessor-version":[{"id":54269,"href":"https:\/\/imprimeideas.es\/en\/wp-json\/wp\/v2\/product\/39466\/revisions\/54269"}],"wp:featuredmedia":[{"embeddable":true,"href":"https:\/\/imprimeideas.es\/en\/wp-json\/wp\/v2\/media\/39876"}],"wp:attachment":[{"href":"https:\/\/imprimeideas.es\/en\/wp-json\/wp\/v2\/media?parent=39466"}],"wp:term":[{"taxonomy":"product_brand","embeddable":true,"href":"https:\/\/imprimeideas.es\/en\/wp-json\/wp\/v2\/product_brand?post=39466"},{"taxonomy":"product_cat","embeddable":true,"href":"https:\/\/imprimeideas.es\/en\/wp-json\/wp\/v2\/product_cat?post=39466"},{"taxonomy":"product_tag","embeddable":true,"href":"https:\/\/imprimeideas.es\/en\/wp-json\/wp\/v2\/product_tag?post=39466"}],"curies":[{"name":"wp","href":"https:\/\/api.w.org\/{rel}","templated":true}]}}