{"id":39458,"date":"2026-02-24T11:19:20","date_gmt":"2026-02-24T10:19:20","guid":{"rendered":"https:\/\/imprimeideas.es\/?post_type=product&p=39458"},"modified":"2026-02-26T18:19:28","modified_gmt":"2026-02-26T17:19:28","slug":"set-cubitos-laniax","status":"publish","type":"product","link":"https:\/\/imprimeideas.es\/en\/product\/set-cubitos-laniax\/","title":{"rendered":"Set Cubitos Laniax"},"content":{"rendered":"<p>Set de 4 cubitos reutilizables. Fabricados en piedra natural esteatita, tambi\u00e9n conocida como piedra o roca de jab\u00f3n, que mantiene la bebida fr\u00eda sin alterar sus propiedades al no diluir su contenido en agua, adem\u00e1s de mantener el sabor original de la misma. Presentados en funda de algod\u00f3n con cord\u00f3n de cierre.<\/p>","protected":false},"excerpt":{"rendered":"<p>Reutilizable. 4 Piezas. Funda Algod\u00f3n<\/p>","protected":false},"featured_media":80008,"comment_status":"open","ping_status":"open","template":"","meta":{"inline_featured_image":false},"product_brand":[],"product_cat":[122,104,105],"product_tag":[],"class_list":{"0":"post-39458","1":"product","2":"type-product","3":"status-publish","4":"has-post-thumbnail","6":"product_cat-articulos-sostenibles","7":"product_cat-hogar-y-decoracion","8":"product_cat-vino-accesorios-de-bebida-y-hosteleria","10":"first","11":"instock","12":"taxable","13":"shipping-taxable","14":"purchasable","15":"product-type-variable","16":"has-default-attributes"},"aioseo_notices":[],"_links":{"self":[{"href":"https:\/\/imprimeideas.es\/en\/wp-json\/wp\/v2\/product\/39458","targetHints":{"allow":["GET"]}}],"collection":[{"href":"https:\/\/imprimeideas.es\/en\/wp-json\/wp\/v2\/product"}],"about":[{"href":"https:\/\/imprimeideas.es\/en\/wp-json\/wp\/v2\/types\/product"}],"replies":[{"embeddable":true,"href":"https:\/\/imprimeideas.es\/en\/wp-json\/wp\/v2\/comments?post=39458"}],"version-history":[{"count":1,"href":"https:\/\/imprimeideas.es\/en\/wp-json\/wp\/v2\/product\/39458\/revisions"}],"predecessor-version":[{"id":60689,"href":"https:\/\/imprimeideas.es\/en\/wp-json\/wp\/v2\/product\/39458\/revisions\/60689"}],"wp:featuredmedia":[{"embeddable":true,"href":"https:\/\/imprimeideas.es\/en\/wp-json\/wp\/v2\/media\/80008"}],"wp:attachment":[{"href":"https:\/\/imprimeideas.es\/en\/wp-json\/wp\/v2\/media?parent=39458"}],"wp:term":[{"taxonomy":"product_brand","embeddable":true,"href":"https:\/\/imprimeideas.es\/en\/wp-json\/wp\/v2\/product_brand?post=39458"},{"taxonomy":"product_cat","embeddable":true,"href":"https:\/\/imprimeideas.es\/en\/wp-json\/wp\/v2\/product_cat?post=39458"},{"taxonomy":"product_tag","embeddable":true,"href":"https:\/\/imprimeideas.es\/en\/wp-json\/wp\/v2\/product_tag?post=39458"}],"curies":[{"name":"wp","href":"https:\/\/api.w.org\/{rel}","templated":true}]}}