{"id":39456,"date":"2026-02-24T11:19:20","date_gmt":"2026-02-24T10:19:20","guid":{"rendered":"https:\/\/imprimeideas.es\/?post_type=product&p=39456"},"modified":"2026-02-26T18:42:26","modified_gmt":"2026-02-26T17:42:26","slug":"set-vinos-y-quesos-hiblux","status":"publish","type":"product","link":"https:\/\/imprimeideas.es\/en\/product\/set-vinos-y-quesos-hiblux\/","title":{"rendered":"Set Vinos y Quesos Hiblux"},"content":{"rendered":"<p>Completo set de vinos y quesos de 4 piezas. Fabricado en bamb\u00fa, con tapa-tabla de corte y accesorios met\u00e1licos con mango de bamb\u00fa. Incluye sacacorchos, tap\u00f3n, cuchillo y rallador de queso. Presentado en caja individual de dise\u00f1o eco.<\/p>","protected":false},"excerpt":{"rendered":"<p>4 Accesorios<\/p>","protected":false},"featured_media":74012,"comment_status":"open","ping_status":"open","template":"","meta":{"inline_featured_image":false},"product_brand":[],"product_cat":[122,104,105],"product_tag":[],"class_list":{"0":"post-39456","1":"product","2":"type-product","3":"status-publish","4":"has-post-thumbnail","6":"product_cat-articulos-sostenibles","7":"product_cat-hogar-y-decoracion","8":"product_cat-vino-accesorios-de-bebida-y-hosteleria","10":"first","11":"outofstock","12":"taxable","13":"shipping-taxable","14":"purchasable","15":"product-type-variable","16":"has-default-attributes"},"aioseo_notices":[],"_links":{"self":[{"href":"https:\/\/imprimeideas.es\/en\/wp-json\/wp\/v2\/product\/39456","targetHints":{"allow":["GET"]}}],"collection":[{"href":"https:\/\/imprimeideas.es\/en\/wp-json\/wp\/v2\/product"}],"about":[{"href":"https:\/\/imprimeideas.es\/en\/wp-json\/wp\/v2\/types\/product"}],"replies":[{"embeddable":true,"href":"https:\/\/imprimeideas.es\/en\/wp-json\/wp\/v2\/comments?post=39456"}],"version-history":[{"count":1,"href":"https:\/\/imprimeideas.es\/en\/wp-json\/wp\/v2\/product\/39456\/revisions"}],"predecessor-version":[{"id":60688,"href":"https:\/\/imprimeideas.es\/en\/wp-json\/wp\/v2\/product\/39456\/revisions\/60688"}],"wp:featuredmedia":[{"embeddable":true,"href":"https:\/\/imprimeideas.es\/en\/wp-json\/wp\/v2\/media\/74012"}],"wp:attachment":[{"href":"https:\/\/imprimeideas.es\/en\/wp-json\/wp\/v2\/media?parent=39456"}],"wp:term":[{"taxonomy":"product_brand","embeddable":true,"href":"https:\/\/imprimeideas.es\/en\/wp-json\/wp\/v2\/product_brand?post=39456"},{"taxonomy":"product_cat","embeddable":true,"href":"https:\/\/imprimeideas.es\/en\/wp-json\/wp\/v2\/product_cat?post=39456"},{"taxonomy":"product_tag","embeddable":true,"href":"https:\/\/imprimeideas.es\/en\/wp-json\/wp\/v2\/product_tag?post=39456"}],"curies":[{"name":"wp","href":"https:\/\/api.w.org\/{rel}","templated":true}]}}