{"id":39446,"date":"2026-02-24T11:19:19","date_gmt":"2026-02-24T10:19:19","guid":{"rendered":"https:\/\/imprimeideas.es\/?post_type=product&p=39446"},"modified":"2026-02-26T18:08:26","modified_gmt":"2026-02-26T17:08:26","slug":"sacacorchos-abridor-flomek","status":"publish","type":"product","link":"https:\/\/imprimeideas.es\/en\/product\/sacacorchos-abridor-flomek\/","title":{"rendered":"Sacacorchos Abridor Flomek"},"content":{"rendered":"<p>Sacacorchos de l\u00ednea nature con abridor de botellas y cortac\u00e1psulas. Fabricado en combinaci\u00f3n de de bamb\u00fa y metal, combinando materiales naturales con materiales duraderos. Presentado en estuche individual de bamb\u00fa pulido, con interior en EVA troquelada y en atractiva caja individual de dise\u00f1o eco.<\/p>","protected":false},"excerpt":{"rendered":"<p>Sacacorchos de l\u00ednea nature con abridor de botellas y cortac\u00e1psulas. Fabricado en combinaci\u00f3n de de bamb\u00fa y metal, combinando materiales<\/p>","protected":false},"featured_media":84323,"comment_status":"open","ping_status":"open","template":"","meta":{"inline_featured_image":false},"product_brand":[],"product_cat":[122,105],"product_tag":[],"class_list":{"0":"post-39446","1":"product","2":"type-product","3":"status-publish","4":"has-post-thumbnail","6":"product_cat-articulos-sostenibles","7":"product_cat-vino-accesorios-de-bebida-y-hosteleria","9":"first","10":"instock","11":"taxable","12":"shipping-taxable","13":"purchasable","14":"product-type-variable","15":"has-default-attributes"},"aioseo_notices":[],"_links":{"self":[{"href":"https:\/\/imprimeideas.es\/en\/wp-json\/wp\/v2\/product\/39446","targetHints":{"allow":["GET"]}}],"collection":[{"href":"https:\/\/imprimeideas.es\/en\/wp-json\/wp\/v2\/product"}],"about":[{"href":"https:\/\/imprimeideas.es\/en\/wp-json\/wp\/v2\/types\/product"}],"replies":[{"embeddable":true,"href":"https:\/\/imprimeideas.es\/en\/wp-json\/wp\/v2\/comments?post=39446"}],"version-history":[{"count":1,"href":"https:\/\/imprimeideas.es\/en\/wp-json\/wp\/v2\/product\/39446\/revisions"}],"predecessor-version":[{"id":60683,"href":"https:\/\/imprimeideas.es\/en\/wp-json\/wp\/v2\/product\/39446\/revisions\/60683"}],"wp:featuredmedia":[{"embeddable":true,"href":"https:\/\/imprimeideas.es\/en\/wp-json\/wp\/v2\/media\/84323"}],"wp:attachment":[{"href":"https:\/\/imprimeideas.es\/en\/wp-json\/wp\/v2\/media?parent=39446"}],"wp:term":[{"taxonomy":"product_brand","embeddable":true,"href":"https:\/\/imprimeideas.es\/en\/wp-json\/wp\/v2\/product_brand?post=39446"},{"taxonomy":"product_cat","embeddable":true,"href":"https:\/\/imprimeideas.es\/en\/wp-json\/wp\/v2\/product_cat?post=39446"},{"taxonomy":"product_tag","embeddable":true,"href":"https:\/\/imprimeideas.es\/en\/wp-json\/wp\/v2\/product_tag?post=39446"}],"curies":[{"name":"wp","href":"https:\/\/api.w.org\/{rel}","templated":true}]}}