{"id":39427,"date":"2026-02-24T11:19:17","date_gmt":"2026-02-24T10:19:17","guid":{"rendered":"https:\/\/imprimeideas.es\/?post_type=product&p=39427"},"modified":"2026-02-25T19:52:14","modified_gmt":"2026-02-25T18:52:14","slug":"juego-habilidad-gary","status":"publish","type":"product","link":"https:\/\/imprimeideas.es\/en\/product\/juego-habilidad-gary\/","title":{"rendered":"Juego Habilidad Gary"},"content":{"rendered":"<p>Juego de habilidad para los m\u00e1s creativos. Fabricado en madera y presentado en resistente funda de algod\u00f3n natural con cierre de cord\u00f3n.<\/p>","protected":false},"excerpt":{"rendered":"<p>Funda Algod\u00f3n<\/p>","protected":false},"featured_media":78083,"comment_status":"open","ping_status":"open","template":"","meta":{"inline_featured_image":false},"product_brand":[],"product_cat":[122,108,106],"product_tag":[],"class_list":{"0":"post-39427","1":"product","2":"type-product","3":"status-publish","4":"has-post-thumbnail","6":"product_cat-articulos-sostenibles","7":"product_cat-infantil","8":"product_cat-regalos-y-premiums","10":"first","11":"outofstock","12":"taxable","13":"shipping-taxable","14":"purchasable","15":"product-type-variable","16":"has-default-attributes"},"aioseo_notices":[],"_links":{"self":[{"href":"https:\/\/imprimeideas.es\/en\/wp-json\/wp\/v2\/product\/39427","targetHints":{"allow":["GET"]}}],"collection":[{"href":"https:\/\/imprimeideas.es\/en\/wp-json\/wp\/v2\/product"}],"about":[{"href":"https:\/\/imprimeideas.es\/en\/wp-json\/wp\/v2\/types\/product"}],"replies":[{"embeddable":true,"href":"https:\/\/imprimeideas.es\/en\/wp-json\/wp\/v2\/comments?post=39427"}],"version-history":[{"count":1,"href":"https:\/\/imprimeideas.es\/en\/wp-json\/wp\/v2\/product\/39427\/revisions"}],"predecessor-version":[{"id":60679,"href":"https:\/\/imprimeideas.es\/en\/wp-json\/wp\/v2\/product\/39427\/revisions\/60679"}],"wp:featuredmedia":[{"embeddable":true,"href":"https:\/\/imprimeideas.es\/en\/wp-json\/wp\/v2\/media\/78083"}],"wp:attachment":[{"href":"https:\/\/imprimeideas.es\/en\/wp-json\/wp\/v2\/media?parent=39427"}],"wp:term":[{"taxonomy":"product_brand","embeddable":true,"href":"https:\/\/imprimeideas.es\/en\/wp-json\/wp\/v2\/product_brand?post=39427"},{"taxonomy":"product_cat","embeddable":true,"href":"https:\/\/imprimeideas.es\/en\/wp-json\/wp\/v2\/product_cat?post=39427"},{"taxonomy":"product_tag","embeddable":true,"href":"https:\/\/imprimeideas.es\/en\/wp-json\/wp\/v2\/product_tag?post=39427"}],"curies":[{"name":"wp","href":"https:\/\/api.w.org\/{rel}","templated":true}]}}