{"id":39425,"date":"2026-02-24T11:19:17","date_gmt":"2026-02-24T10:19:17","guid":{"rendered":"https:\/\/imprimeideas.es\/?post_type=product&p=39425"},"modified":"2026-02-26T18:03:13","modified_gmt":"2026-02-26T17:03:13","slug":"set-manicura-treisy","status":"publish","type":"product","link":"https:\/\/imprimeideas.es\/en\/product\/set-manicura-treisy\/","title":{"rendered":"Set Manicura Treisy"},"content":{"rendered":"<p>Set de manicura de l\u00ednea nature con funda fabricada en corcho, para as\u00ed fomentar la utilizaci\u00f3n de materias primas naturales y reducir las emisiones contaminantes. Incluye 6 accesorios de acero inox: tijeras, pinzas, corta\u00fa\u00f1as, lima y 2 quitacut\u00edculas. Soportes interiores para accesorios y cierre de corchete. Totalmente desplegable para f\u00e1cil marcaje.<\/p>","protected":false},"excerpt":{"rendered":"<p>6 Accesorios<\/p>","protected":false},"featured_media":83711,"comment_status":"open","ping_status":"open","template":"","meta":{"inline_featured_image":false},"product_brand":[],"product_cat":[122,107,119],"product_tag":[],"class_list":{"0":"post-39425","1":"product","2":"type-product","3":"status-publish","4":"has-post-thumbnail","6":"product_cat-articulos-sostenibles","7":"product_cat-cuidado-personal-y-pharma","8":"product_cat-mujer","10":"first","11":"instock","12":"taxable","13":"shipping-taxable","14":"purchasable","15":"product-type-variable","16":"has-default-attributes"},"aioseo_notices":[],"_links":{"self":[{"href":"https:\/\/imprimeideas.es\/en\/wp-json\/wp\/v2\/product\/39425","targetHints":{"allow":["GET"]}}],"collection":[{"href":"https:\/\/imprimeideas.es\/en\/wp-json\/wp\/v2\/product"}],"about":[{"href":"https:\/\/imprimeideas.es\/en\/wp-json\/wp\/v2\/types\/product"}],"replies":[{"embeddable":true,"href":"https:\/\/imprimeideas.es\/en\/wp-json\/wp\/v2\/comments?post=39425"}],"version-history":[{"count":1,"href":"https:\/\/imprimeideas.es\/en\/wp-json\/wp\/v2\/product\/39425\/revisions"}],"predecessor-version":[{"id":60678,"href":"https:\/\/imprimeideas.es\/en\/wp-json\/wp\/v2\/product\/39425\/revisions\/60678"}],"wp:featuredmedia":[{"embeddable":true,"href":"https:\/\/imprimeideas.es\/en\/wp-json\/wp\/v2\/media\/83711"}],"wp:attachment":[{"href":"https:\/\/imprimeideas.es\/en\/wp-json\/wp\/v2\/media?parent=39425"}],"wp:term":[{"taxonomy":"product_brand","embeddable":true,"href":"https:\/\/imprimeideas.es\/en\/wp-json\/wp\/v2\/product_brand?post=39425"},{"taxonomy":"product_cat","embeddable":true,"href":"https:\/\/imprimeideas.es\/en\/wp-json\/wp\/v2\/product_cat?post=39425"},{"taxonomy":"product_tag","embeddable":true,"href":"https:\/\/imprimeideas.es\/en\/wp-json\/wp\/v2\/product_tag?post=39425"}],"curies":[{"name":"wp","href":"https:\/\/api.w.org\/{rel}","templated":true}]}}