{"id":39411,"date":"2026-02-24T11:19:16","date_gmt":"2026-02-24T10:19:16","guid":{"rendered":"https:\/\/imprimeideas.es\/?post_type=product&p=39411"},"modified":"2026-02-26T18:27:58","modified_gmt":"2026-02-26T17:27:58","slug":"comba-panky","status":"publish","type":"product","link":"https:\/\/imprimeideas.es\/en\/product\/comba-panky\/","title":{"rendered":"Comba Panky"},"content":{"rendered":"<p>Comba de l\u00ednea nature, con cuerda extra larga de 3m fabricada en algod\u00f3n de acabado natural. Mangos ergon\u00f3micos fabricados en resistente madera de haya y presentada en funda de algod\u00f3n natural con cierre de cord\u00f3n.<\/p>","protected":false},"excerpt":{"rendered":"<p>Funda Algod\u00f3n<\/p>","protected":false},"featured_media":70616,"comment_status":"open","ping_status":"open","template":"","meta":{"inline_featured_image":false},"product_brand":[],"product_cat":[122,101,108],"product_tag":[],"class_list":{"0":"post-39411","1":"product","2":"type-product","3":"status-publish","4":"has-post-thumbnail","6":"product_cat-articulos-sostenibles","7":"product_cat-deporte-y-aventura","8":"product_cat-infantil","10":"first","11":"instock","12":"taxable","13":"shipping-taxable","14":"purchasable","15":"product-type-variable","16":"has-default-attributes"},"aioseo_notices":[],"_links":{"self":[{"href":"https:\/\/imprimeideas.es\/en\/wp-json\/wp\/v2\/product\/39411","targetHints":{"allow":["GET"]}}],"collection":[{"href":"https:\/\/imprimeideas.es\/en\/wp-json\/wp\/v2\/product"}],"about":[{"href":"https:\/\/imprimeideas.es\/en\/wp-json\/wp\/v2\/types\/product"}],"replies":[{"embeddable":true,"href":"https:\/\/imprimeideas.es\/en\/wp-json\/wp\/v2\/comments?post=39411"}],"version-history":[{"count":1,"href":"https:\/\/imprimeideas.es\/en\/wp-json\/wp\/v2\/product\/39411\/revisions"}],"predecessor-version":[{"id":60673,"href":"https:\/\/imprimeideas.es\/en\/wp-json\/wp\/v2\/product\/39411\/revisions\/60673"}],"wp:featuredmedia":[{"embeddable":true,"href":"https:\/\/imprimeideas.es\/en\/wp-json\/wp\/v2\/media\/70616"}],"wp:attachment":[{"href":"https:\/\/imprimeideas.es\/en\/wp-json\/wp\/v2\/media?parent=39411"}],"wp:term":[{"taxonomy":"product_brand","embeddable":true,"href":"https:\/\/imprimeideas.es\/en\/wp-json\/wp\/v2\/product_brand?post=39411"},{"taxonomy":"product_cat","embeddable":true,"href":"https:\/\/imprimeideas.es\/en\/wp-json\/wp\/v2\/product_cat?post=39411"},{"taxonomy":"product_tag","embeddable":true,"href":"https:\/\/imprimeideas.es\/en\/wp-json\/wp\/v2\/product_tag?post=39411"}],"curies":[{"name":"wp","href":"https:\/\/api.w.org\/{rel}","templated":true}]}}