{"id":39393,"date":"2026-02-24T11:19:14","date_gmt":"2026-02-24T10:19:14","guid":{"rendered":"https:\/\/imprimeideas.es\/?post_type=product&p=39393"},"modified":"2026-02-26T18:37:34","modified_gmt":"2026-02-26T17:37:34","slug":"pulsera-broch","status":"publish","type":"product","link":"https:\/\/imprimeideas.es\/en\/product\/pulsera-broch\/","title":{"rendered":"Pulsera Broch"},"content":{"rendered":"<p>Pulsera para eventos de l\u00ednea nature. Fabricada en poli\u00e9ster RPET de 160g\/m2, elaborado a partir de pl\u00e1stico reciclado para as\u00ed fomentar la reutilizaci\u00f3n de residuos pl\u00e1sticos y contribuir a la sostenibilidad del planeta. Con ajustador en bamb\u00fa y disponible en variada gama de colores, color blanco especialmente dise\u00f1ado para sublimaci\u00f3n. Distintivo RPET impreso en la pulsera.<\/p>","protected":false},"excerpt":{"rendered":"<p>Ajustable. Cierre Seguridad<\/p>","protected":false},"featured_media":72193,"comment_status":"open","ping_status":"open","template":"","meta":{"inline_featured_image":false},"product_brand":[],"product_cat":[122,113,115],"product_tag":[],"class_list":{"0":"post-39393","1":"product","2":"type-product","3":"status-publish","4":"has-post-thumbnail","6":"product_cat-articulos-sostenibles","7":"product_cat-eventos-y-fiesta","8":"product_cat-sublimacion","10":"first","11":"instock","12":"taxable","13":"shipping-taxable","14":"purchasable","15":"product-type-variable","16":"has-default-attributes"},"aioseo_notices":[],"_links":{"self":[{"href":"https:\/\/imprimeideas.es\/en\/wp-json\/wp\/v2\/product\/39393","targetHints":{"allow":["GET"]}}],"collection":[{"href":"https:\/\/imprimeideas.es\/en\/wp-json\/wp\/v2\/product"}],"about":[{"href":"https:\/\/imprimeideas.es\/en\/wp-json\/wp\/v2\/types\/product"}],"replies":[{"embeddable":true,"href":"https:\/\/imprimeideas.es\/en\/wp-json\/wp\/v2\/comments?post=39393"}],"version-history":[{"count":1,"href":"https:\/\/imprimeideas.es\/en\/wp-json\/wp\/v2\/product\/39393\/revisions"}],"predecessor-version":[{"id":60669,"href":"https:\/\/imprimeideas.es\/en\/wp-json\/wp\/v2\/product\/39393\/revisions\/60669"}],"wp:featuredmedia":[{"embeddable":true,"href":"https:\/\/imprimeideas.es\/en\/wp-json\/wp\/v2\/media\/72193"}],"wp:attachment":[{"href":"https:\/\/imprimeideas.es\/en\/wp-json\/wp\/v2\/media?parent=39393"}],"wp:term":[{"taxonomy":"product_brand","embeddable":true,"href":"https:\/\/imprimeideas.es\/en\/wp-json\/wp\/v2\/product_brand?post=39393"},{"taxonomy":"product_cat","embeddable":true,"href":"https:\/\/imprimeideas.es\/en\/wp-json\/wp\/v2\/product_cat?post=39393"},{"taxonomy":"product_tag","embeddable":true,"href":"https:\/\/imprimeideas.es\/en\/wp-json\/wp\/v2\/product_tag?post=39393"}],"curies":[{"name":"wp","href":"https:\/\/api.w.org\/{rel}","templated":true}]}}