{"id":39391,"date":"2026-02-24T11:19:14","date_gmt":"2026-02-24T10:19:14","guid":{"rendered":"https:\/\/imprimeideas.es\/?post_type=product&p=39391"},"modified":"2026-02-26T18:19:27","modified_gmt":"2026-02-26T17:19:27","slug":"pulsera-sowel","status":"publish","type":"product","link":"https:\/\/imprimeideas.es\/en\/product\/pulsera-sowel\/","title":{"rendered":"Pulsera Sowel"},"content":{"rendered":"<p>Pulsera para eventos de acabado nature. Fabricada en fibra sint\u00e9tica Tyvek, que destaca especialmente por su resistencia, flexibilidad, durabilidad y facilidad para la impresi\u00f3n. Con cierre adhesivo, talla \u00fanica para adulto. Resistente al agua. Presentada en plancha troquelada de 10 piezas con numeraci\u00f3n individual.<\/p>","protected":false},"excerpt":{"rendered":"<p>Talla \u00danica. Adulto. Cierre Seguridad<\/p>","protected":false},"featured_media":80753,"comment_status":"open","ping_status":"open","template":"","meta":{"inline_featured_image":false},"product_brand":[],"product_cat":[122,113],"product_tag":[],"class_list":{"0":"post-39391","1":"product","2":"type-product","3":"status-publish","4":"has-post-thumbnail","6":"product_cat-articulos-sostenibles","7":"product_cat-eventos-y-fiesta","9":"first","10":"instock","11":"taxable","12":"shipping-taxable","13":"purchasable","14":"product-type-variable","15":"has-default-attributes"},"aioseo_notices":[],"_links":{"self":[{"href":"https:\/\/imprimeideas.es\/en\/wp-json\/wp\/v2\/product\/39391","targetHints":{"allow":["GET"]}}],"collection":[{"href":"https:\/\/imprimeideas.es\/en\/wp-json\/wp\/v2\/product"}],"about":[{"href":"https:\/\/imprimeideas.es\/en\/wp-json\/wp\/v2\/types\/product"}],"replies":[{"embeddable":true,"href":"https:\/\/imprimeideas.es\/en\/wp-json\/wp\/v2\/comments?post=39391"}],"version-history":[{"count":1,"href":"https:\/\/imprimeideas.es\/en\/wp-json\/wp\/v2\/product\/39391\/revisions"}],"predecessor-version":[{"id":60668,"href":"https:\/\/imprimeideas.es\/en\/wp-json\/wp\/v2\/product\/39391\/revisions\/60668"}],"wp:featuredmedia":[{"embeddable":true,"href":"https:\/\/imprimeideas.es\/en\/wp-json\/wp\/v2\/media\/80753"}],"wp:attachment":[{"href":"https:\/\/imprimeideas.es\/en\/wp-json\/wp\/v2\/media?parent=39391"}],"wp:term":[{"taxonomy":"product_brand","embeddable":true,"href":"https:\/\/imprimeideas.es\/en\/wp-json\/wp\/v2\/product_brand?post=39391"},{"taxonomy":"product_cat","embeddable":true,"href":"https:\/\/imprimeideas.es\/en\/wp-json\/wp\/v2\/product_cat?post=39391"},{"taxonomy":"product_tag","embeddable":true,"href":"https:\/\/imprimeideas.es\/en\/wp-json\/wp\/v2\/product_tag?post=39391"}],"curies":[{"name":"wp","href":"https:\/\/api.w.org\/{rel}","templated":true}]}}