{"id":39374,"date":"2026-02-24T11:19:12","date_gmt":"2026-02-24T10:19:12","guid":{"rendered":"https:\/\/imprimeideas.es\/?post_type=product&p=39374"},"modified":"2026-02-26T18:28:01","modified_gmt":"2026-02-26T17:28:01","slug":"balon-lidok","status":"publish","type":"product","link":"https:\/\/imprimeideas.es\/en\/product\/balon-lidok\/","title":{"rendered":"Bal\u00f3n Lidok"},"content":{"rendered":"<p>Bal\u00f3n de voleibol en suave polipiel, tama\u00f1o 5. De original dise\u00f1o tricolor y presentado en bolsa individual.<\/p>","protected":false},"excerpt":{"rendered":"<p>Tama\u00f1o: 5<\/p>","protected":false},"featured_media":79989,"comment_status":"open","ping_status":"open","template":"","meta":{"inline_featured_image":false},"product_brand":[],"product_cat":[107,108],"product_tag":[],"class_list":{"0":"post-39374","1":"product","2":"type-product","3":"status-publish","4":"has-post-thumbnail","6":"product_cat-cuidado-personal-y-pharma","7":"product_cat-infantil","9":"first","10":"instock","11":"taxable","12":"shipping-taxable","13":"purchasable","14":"product-type-variable","15":"has-default-attributes"},"aioseo_notices":[],"_links":{"self":[{"href":"https:\/\/imprimeideas.es\/en\/wp-json\/wp\/v2\/product\/39374","targetHints":{"allow":["GET"]}}],"collection":[{"href":"https:\/\/imprimeideas.es\/en\/wp-json\/wp\/v2\/product"}],"about":[{"href":"https:\/\/imprimeideas.es\/en\/wp-json\/wp\/v2\/types\/product"}],"replies":[{"embeddable":true,"href":"https:\/\/imprimeideas.es\/en\/wp-json\/wp\/v2\/comments?post=39374"}],"version-history":[{"count":1,"href":"https:\/\/imprimeideas.es\/en\/wp-json\/wp\/v2\/product\/39374\/revisions"}],"predecessor-version":[{"id":60664,"href":"https:\/\/imprimeideas.es\/en\/wp-json\/wp\/v2\/product\/39374\/revisions\/60664"}],"wp:featuredmedia":[{"embeddable":true,"href":"https:\/\/imprimeideas.es\/en\/wp-json\/wp\/v2\/media\/79989"}],"wp:attachment":[{"href":"https:\/\/imprimeideas.es\/en\/wp-json\/wp\/v2\/media?parent=39374"}],"wp:term":[{"taxonomy":"product_brand","embeddable":true,"href":"https:\/\/imprimeideas.es\/en\/wp-json\/wp\/v2\/product_brand?post=39374"},{"taxonomy":"product_cat","embeddable":true,"href":"https:\/\/imprimeideas.es\/en\/wp-json\/wp\/v2\/product_cat?post=39374"},{"taxonomy":"product_tag","embeddable":true,"href":"https:\/\/imprimeideas.es\/en\/wp-json\/wp\/v2\/product_tag?post=39374"}],"curies":[{"name":"wp","href":"https:\/\/api.w.org\/{rel}","templated":true}]}}