{"id":39365,"date":"2026-02-24T11:19:11","date_gmt":"2026-02-24T10:19:11","guid":{"rendered":"https:\/\/imprimeideas.es\/?post_type=product&p=39365"},"modified":"2026-02-26T18:19:34","modified_gmt":"2026-02-26T17:19:34","slug":"barbacoa-mayrax","status":"publish","type":"product","link":"https:\/\/imprimeideas.es\/en\/product\/barbacoa-mayrax\/","title":{"rendered":"Barbacoa Mayrax"},"content":{"rendered":"<p>Barbacoa fabricada en resistente acero al carbono de acabado en negro. Tapa con c\u00f3moda asa y orificios de ventilaci\u00f3n, con parrilla met\u00e1lica, plato antigoteo y pies antideslizantes. Presentada en atractiva caja de dise\u00f1o.<\/p>","protected":false},"excerpt":{"rendered":"<p>Barbacoa fabricada en resistente acero al carbono de acabado en negro. Tapa con c\u00f3moda asa y orificios de ventilaci\u00f3n, con<\/p>","protected":false},"featured_media":73053,"comment_status":"open","ping_status":"open","template":"","meta":{"inline_featured_image":false},"product_brand":[],"product_cat":[101,102],"product_tag":[],"class_list":{"0":"post-39365","1":"product","2":"type-product","3":"status-publish","4":"has-post-thumbnail","6":"product_cat-deporte-y-aventura","7":"product_cat-ocio-y-tiempo-libre","9":"first","10":"instock","11":"taxable","12":"shipping-taxable","13":"purchasable","14":"product-type-variable","15":"has-default-attributes"},"aioseo_notices":[],"_links":{"self":[{"href":"https:\/\/imprimeideas.es\/en\/wp-json\/wp\/v2\/product\/39365","targetHints":{"allow":["GET"]}}],"collection":[{"href":"https:\/\/imprimeideas.es\/en\/wp-json\/wp\/v2\/product"}],"about":[{"href":"https:\/\/imprimeideas.es\/en\/wp-json\/wp\/v2\/types\/product"}],"replies":[{"embeddable":true,"href":"https:\/\/imprimeideas.es\/en\/wp-json\/wp\/v2\/comments?post=39365"}],"version-history":[{"count":1,"href":"https:\/\/imprimeideas.es\/en\/wp-json\/wp\/v2\/product\/39365\/revisions"}],"predecessor-version":[{"id":54226,"href":"https:\/\/imprimeideas.es\/en\/wp-json\/wp\/v2\/product\/39365\/revisions\/54226"}],"wp:featuredmedia":[{"embeddable":true,"href":"https:\/\/imprimeideas.es\/en\/wp-json\/wp\/v2\/media\/73053"}],"wp:attachment":[{"href":"https:\/\/imprimeideas.es\/en\/wp-json\/wp\/v2\/media?parent=39365"}],"wp:term":[{"taxonomy":"product_brand","embeddable":true,"href":"https:\/\/imprimeideas.es\/en\/wp-json\/wp\/v2\/product_brand?post=39365"},{"taxonomy":"product_cat","embeddable":true,"href":"https:\/\/imprimeideas.es\/en\/wp-json\/wp\/v2\/product_cat?post=39365"},{"taxonomy":"product_tag","embeddable":true,"href":"https:\/\/imprimeideas.es\/en\/wp-json\/wp\/v2\/product_tag?post=39365"}],"curies":[{"name":"wp","href":"https:\/\/api.w.org\/{rel}","templated":true}]}}