{"id":39358,"date":"2026-02-24T11:19:10","date_gmt":"2026-02-24T10:19:10","guid":{"rendered":"https:\/\/imprimeideas.es\/?post_type=product&p=39358"},"modified":"2026-02-25T15:57:32","modified_gmt":"2026-02-25T14:57:32","slug":"boligrafo-pontux","status":"publish","type":"product","link":"https:\/\/imprimeideas.es\/en\/product\/boligrafo-pontux\/","title":{"rendered":"Bol\u00edgrafo Pontux"},"content":{"rendered":"<p>Bol\u00edgrafo con soporte de l\u00ednea nature. Fabricado en cart\u00f3n reciclado, con cuerda de sujeci\u00f3n y base con adhesivo 3M, de fijaci\u00f3n extra fuerte y libre de residuos al despegarlo. En tinta azul.<\/p>","protected":false},"excerpt":{"rendered":"<p>Base Adhesiva<\/p>","protected":false},"featured_media":72878,"comment_status":"open","ping_status":"open","template":"","meta":{"inline_featured_image":false},"product_brand":[],"product_cat":[122,100,96],"product_tag":[],"class_list":{"0":"post-39358","1":"product","2":"type-product","3":"status-publish","4":"has-post-thumbnail","6":"product_cat-articulos-sostenibles","7":"product_cat-escritura","8":"product_cat-oficina-y-negocios","10":"first","11":"outofstock","12":"taxable","13":"shipping-taxable","14":"purchasable","15":"product-type-variable","16":"has-default-attributes"},"aioseo_notices":[],"_links":{"self":[{"href":"https:\/\/imprimeideas.es\/en\/wp-json\/wp\/v2\/product\/39358","targetHints":{"allow":["GET"]}}],"collection":[{"href":"https:\/\/imprimeideas.es\/en\/wp-json\/wp\/v2\/product"}],"about":[{"href":"https:\/\/imprimeideas.es\/en\/wp-json\/wp\/v2\/types\/product"}],"replies":[{"embeddable":true,"href":"https:\/\/imprimeideas.es\/en\/wp-json\/wp\/v2\/comments?post=39358"}],"version-history":[{"count":1,"href":"https:\/\/imprimeideas.es\/en\/wp-json\/wp\/v2\/product\/39358\/revisions"}],"predecessor-version":[{"id":54223,"href":"https:\/\/imprimeideas.es\/en\/wp-json\/wp\/v2\/product\/39358\/revisions\/54223"}],"wp:featuredmedia":[{"embeddable":true,"href":"https:\/\/imprimeideas.es\/en\/wp-json\/wp\/v2\/media\/72878"}],"wp:attachment":[{"href":"https:\/\/imprimeideas.es\/en\/wp-json\/wp\/v2\/media?parent=39358"}],"wp:term":[{"taxonomy":"product_brand","embeddable":true,"href":"https:\/\/imprimeideas.es\/en\/wp-json\/wp\/v2\/product_brand?post=39358"},{"taxonomy":"product_cat","embeddable":true,"href":"https:\/\/imprimeideas.es\/en\/wp-json\/wp\/v2\/product_cat?post=39358"},{"taxonomy":"product_tag","embeddable":true,"href":"https:\/\/imprimeideas.es\/en\/wp-json\/wp\/v2\/product_tag?post=39358"}],"curies":[{"name":"wp","href":"https:\/\/api.w.org\/{rel}","templated":true}]}}