{"id":39356,"date":"2026-02-24T11:19:10","date_gmt":"2026-02-24T10:19:10","guid":{"rendered":"https:\/\/imprimeideas.es\/?post_type=product&p=39356"},"modified":"2026-02-25T19:52:10","modified_gmt":"2026-02-25T18:52:10","slug":"lapicero-soporte-prosan","status":"publish","type":"product","link":"https:\/\/imprimeideas.es\/en\/product\/lapicero-soporte-prosan\/","title":{"rendered":"Lapicero Soporte Prosan"},"content":{"rendered":"<p>Lapicero de l\u00ednea nature con soporte para smartphone integrado. Fabricado en corcho, para as\u00ed fomentar el uso de las materias primas naturales, y presentado en atractiva caja de dise\u00f1o eco.<\/p>","protected":false},"excerpt":{"rendered":"<p>Lapicero de l\u00ednea nature con soporte para smartphone integrado. Fabricado en corcho, para as\u00ed fomentar el uso de las materias<\/p>","protected":false},"featured_media":75415,"comment_status":"open","ping_status":"open","template":"","meta":{"inline_featured_image":false},"product_brand":[],"product_cat":[122,100,96],"product_tag":[],"class_list":{"0":"post-39356","1":"product","2":"type-product","3":"status-publish","4":"has-post-thumbnail","6":"product_cat-articulos-sostenibles","7":"product_cat-escritura","8":"product_cat-oficina-y-negocios","10":"first","11":"outofstock","12":"taxable","13":"shipping-taxable","14":"purchasable","15":"product-type-variable","16":"has-default-attributes"},"aioseo_notices":[],"_links":{"self":[{"href":"https:\/\/imprimeideas.es\/en\/wp-json\/wp\/v2\/product\/39356","targetHints":{"allow":["GET"]}}],"collection":[{"href":"https:\/\/imprimeideas.es\/en\/wp-json\/wp\/v2\/product"}],"about":[{"href":"https:\/\/imprimeideas.es\/en\/wp-json\/wp\/v2\/types\/product"}],"replies":[{"embeddable":true,"href":"https:\/\/imprimeideas.es\/en\/wp-json\/wp\/v2\/comments?post=39356"}],"version-history":[{"count":1,"href":"https:\/\/imprimeideas.es\/en\/wp-json\/wp\/v2\/product\/39356\/revisions"}],"predecessor-version":[{"id":54222,"href":"https:\/\/imprimeideas.es\/en\/wp-json\/wp\/v2\/product\/39356\/revisions\/54222"}],"wp:featuredmedia":[{"embeddable":true,"href":"https:\/\/imprimeideas.es\/en\/wp-json\/wp\/v2\/media\/75415"}],"wp:attachment":[{"href":"https:\/\/imprimeideas.es\/en\/wp-json\/wp\/v2\/media?parent=39356"}],"wp:term":[{"taxonomy":"product_brand","embeddable":true,"href":"https:\/\/imprimeideas.es\/en\/wp-json\/wp\/v2\/product_brand?post=39356"},{"taxonomy":"product_cat","embeddable":true,"href":"https:\/\/imprimeideas.es\/en\/wp-json\/wp\/v2\/product_cat?post=39356"},{"taxonomy":"product_tag","embeddable":true,"href":"https:\/\/imprimeideas.es\/en\/wp-json\/wp\/v2\/product_tag?post=39356"}],"curies":[{"name":"wp","href":"https:\/\/api.w.org\/{rel}","templated":true}]}}