{"id":39354,"date":"2026-02-24T11:19:10","date_gmt":"2026-02-24T10:19:10","guid":{"rendered":"https:\/\/imprimeideas.es\/?post_type=product&p=39354"},"modified":"2026-02-26T01:58:07","modified_gmt":"2026-02-26T00:58:07","slug":"lapicero-multifuncion-wicam","status":"publish","type":"product","link":"https:\/\/imprimeideas.es\/en\/product\/lapicero-multifuncion-wicam\/","title":{"rendered":"Lapicero Multifunci\u00f3n Wicam"},"content":{"rendered":"<p>Lapicero de l\u00ednea nature con reloj multifunci\u00f3n integrado. Fabricado en corcho natural, con funciones term\u00f3metro, calendario y alarma. Alimentaci\u00f3n a pilas (de bot\u00f3n incluidas) y presentado en atractiva caja de dise\u00f1o eco.<\/p>","protected":false},"excerpt":{"rendered":"<p>Pilas Bot\u00f3n Incluidas<\/p>","protected":false},"featured_media":69245,"comment_status":"open","ping_status":"open","template":"","meta":{"inline_featured_image":false},"product_brand":[],"product_cat":[122,96,95],"product_tag":[],"class_list":{"0":"post-39354","1":"product","2":"type-product","3":"status-publish","4":"has-post-thumbnail","6":"product_cat-articulos-sostenibles","7":"product_cat-oficina-y-negocios","8":"product_cat-tecnologia-y-accesorios","10":"first","11":"outofstock","12":"taxable","13":"shipping-taxable","14":"purchasable","15":"product-type-variable","16":"has-default-attributes"},"aioseo_notices":[],"_links":{"self":[{"href":"https:\/\/imprimeideas.es\/en\/wp-json\/wp\/v2\/product\/39354","targetHints":{"allow":["GET"]}}],"collection":[{"href":"https:\/\/imprimeideas.es\/en\/wp-json\/wp\/v2\/product"}],"about":[{"href":"https:\/\/imprimeideas.es\/en\/wp-json\/wp\/v2\/types\/product"}],"replies":[{"embeddable":true,"href":"https:\/\/imprimeideas.es\/en\/wp-json\/wp\/v2\/comments?post=39354"}],"version-history":[{"count":1,"href":"https:\/\/imprimeideas.es\/en\/wp-json\/wp\/v2\/product\/39354\/revisions"}],"predecessor-version":[{"id":54221,"href":"https:\/\/imprimeideas.es\/en\/wp-json\/wp\/v2\/product\/39354\/revisions\/54221"}],"wp:featuredmedia":[{"embeddable":true,"href":"https:\/\/imprimeideas.es\/en\/wp-json\/wp\/v2\/media\/69245"}],"wp:attachment":[{"href":"https:\/\/imprimeideas.es\/en\/wp-json\/wp\/v2\/media?parent=39354"}],"wp:term":[{"taxonomy":"product_brand","embeddable":true,"href":"https:\/\/imprimeideas.es\/en\/wp-json\/wp\/v2\/product_brand?post=39354"},{"taxonomy":"product_cat","embeddable":true,"href":"https:\/\/imprimeideas.es\/en\/wp-json\/wp\/v2\/product_cat?post=39354"},{"taxonomy":"product_tag","embeddable":true,"href":"https:\/\/imprimeideas.es\/en\/wp-json\/wp\/v2\/product_tag?post=39354"}],"curies":[{"name":"wp","href":"https:\/\/api.w.org\/{rel}","templated":true}]}}