{"id":39352,"date":"2026-02-24T11:19:10","date_gmt":"2026-02-24T10:19:10","guid":{"rendered":"https:\/\/imprimeideas.es\/?post_type=product&p=39352"},"modified":"2026-02-26T18:23:28","modified_gmt":"2026-02-26T17:23:28","slug":"set-notium","status":"publish","type":"product","link":"https:\/\/imprimeideas.es\/en\/product\/set-notium\/","title":{"rendered":"Set Notium"},"content":{"rendered":"<p>Set de bol\u00edgrafo y roller de l\u00ednea nature. Fabricado en combinaci\u00f3n de bamb\u00fa con metal, para as\u00ed fomentar la utilizaci\u00f3n de materias primas naturales y reducir las emisiones contaminantes. Bol\u00edgrafo de mecanismo giratorio en tinta azul. Roller con capucha, tinta gel en azul y carga jumbo. Presentado en estuche individual de bamb\u00fa.<\/p>","protected":false},"excerpt":{"rendered":"<p>Bol\u00edgrafo y Roller. Carga Jumbo<\/p>","protected":false},"featured_media":69507,"comment_status":"open","ping_status":"open","template":"","meta":{"inline_featured_image":false},"product_brand":[],"product_cat":[122,100],"product_tag":[],"class_list":{"0":"post-39352","1":"product","2":"type-product","3":"status-publish","4":"has-post-thumbnail","6":"product_cat-articulos-sostenibles","7":"product_cat-escritura","9":"first","10":"instock","11":"taxable","12":"shipping-taxable","13":"purchasable","14":"product-type-variable","15":"has-default-attributes"},"aioseo_notices":[],"_links":{"self":[{"href":"https:\/\/imprimeideas.es\/en\/wp-json\/wp\/v2\/product\/39352","targetHints":{"allow":["GET"]}}],"collection":[{"href":"https:\/\/imprimeideas.es\/en\/wp-json\/wp\/v2\/product"}],"about":[{"href":"https:\/\/imprimeideas.es\/en\/wp-json\/wp\/v2\/types\/product"}],"replies":[{"embeddable":true,"href":"https:\/\/imprimeideas.es\/en\/wp-json\/wp\/v2\/comments?post=39352"}],"version-history":[{"count":1,"href":"https:\/\/imprimeideas.es\/en\/wp-json\/wp\/v2\/product\/39352\/revisions"}],"predecessor-version":[{"id":54220,"href":"https:\/\/imprimeideas.es\/en\/wp-json\/wp\/v2\/product\/39352\/revisions\/54220"}],"wp:featuredmedia":[{"embeddable":true,"href":"https:\/\/imprimeideas.es\/en\/wp-json\/wp\/v2\/media\/69507"}],"wp:attachment":[{"href":"https:\/\/imprimeideas.es\/en\/wp-json\/wp\/v2\/media?parent=39352"}],"wp:term":[{"taxonomy":"product_brand","embeddable":true,"href":"https:\/\/imprimeideas.es\/en\/wp-json\/wp\/v2\/product_brand?post=39352"},{"taxonomy":"product_cat","embeddable":true,"href":"https:\/\/imprimeideas.es\/en\/wp-json\/wp\/v2\/product_cat?post=39352"},{"taxonomy":"product_tag","embeddable":true,"href":"https:\/\/imprimeideas.es\/en\/wp-json\/wp\/v2\/product_tag?post=39352"}],"curies":[{"name":"wp","href":"https:\/\/api.w.org\/{rel}","templated":true}]}}