{"id":39327,"date":"2026-02-24T11:19:08","date_gmt":"2026-02-24T10:19:08","guid":{"rendered":"https:\/\/imprimeideas.es\/?post_type=product&p=39327"},"modified":"2026-02-26T18:13:36","modified_gmt":"2026-02-26T17:13:36","slug":"flexometro-hermy-5m","status":"publish","type":"product","link":"https:\/\/imprimeideas.es\/en\/product\/flexometro-hermy-5m\/","title":{"rendered":"Flex\u00f3metro Hermy 5m"},"content":{"rendered":"<p>Flex\u00f3metro de 5 metros de l\u00ednea nature, fabricado en combinaci\u00f3n de bamb\u00fa y ABS con tacto goma. Hoja met\u00e1lica con freno, clip met\u00e1lico para cintur\u00f3n y cinta de transporte en PU. Con amplia superficie de marcaje y presentado en atractiva caja de dise\u00f1o eco.<\/p>","protected":false},"excerpt":{"rendered":"<p>Con Freno y Clip Incluido<\/p>","protected":false},"featured_media":70364,"comment_status":"open","ping_status":"open","template":"","meta":{"inline_featured_image":false},"product_brand":[],"product_cat":[122,110],"product_tag":[],"class_list":{"0":"post-39327","1":"product","2":"type-product","3":"status-publish","4":"has-post-thumbnail","6":"product_cat-articulos-sostenibles","7":"product_cat-herramientas-brico-y-automovil","9":"first","10":"instock","11":"taxable","12":"shipping-taxable","13":"purchasable","14":"product-type-variable","15":"has-default-attributes"},"aioseo_notices":[],"_links":{"self":[{"href":"https:\/\/imprimeideas.es\/en\/wp-json\/wp\/v2\/product\/39327","targetHints":{"allow":["GET"]}}],"collection":[{"href":"https:\/\/imprimeideas.es\/en\/wp-json\/wp\/v2\/product"}],"about":[{"href":"https:\/\/imprimeideas.es\/en\/wp-json\/wp\/v2\/types\/product"}],"replies":[{"embeddable":true,"href":"https:\/\/imprimeideas.es\/en\/wp-json\/wp\/v2\/comments?post=39327"}],"version-history":[{"count":1,"href":"https:\/\/imprimeideas.es\/en\/wp-json\/wp\/v2\/product\/39327\/revisions"}],"predecessor-version":[{"id":54211,"href":"https:\/\/imprimeideas.es\/en\/wp-json\/wp\/v2\/product\/39327\/revisions\/54211"}],"wp:featuredmedia":[{"embeddable":true,"href":"https:\/\/imprimeideas.es\/en\/wp-json\/wp\/v2\/media\/70364"}],"wp:attachment":[{"href":"https:\/\/imprimeideas.es\/en\/wp-json\/wp\/v2\/media?parent=39327"}],"wp:term":[{"taxonomy":"product_brand","embeddable":true,"href":"https:\/\/imprimeideas.es\/en\/wp-json\/wp\/v2\/product_brand?post=39327"},{"taxonomy":"product_cat","embeddable":true,"href":"https:\/\/imprimeideas.es\/en\/wp-json\/wp\/v2\/product_cat?post=39327"},{"taxonomy":"product_tag","embeddable":true,"href":"https:\/\/imprimeideas.es\/en\/wp-json\/wp\/v2\/product_tag?post=39327"}],"curies":[{"name":"wp","href":"https:\/\/api.w.org\/{rel}","templated":true}]}}