{"id":39314,"date":"2026-02-24T11:19:07","date_gmt":"2026-02-24T10:19:07","guid":{"rendered":"https:\/\/imprimeideas.es\/?post_type=product&p=39314"},"modified":"2026-02-26T18:32:55","modified_gmt":"2026-02-26T17:32:55","slug":"brazalete-inteligente-selkos","status":"publish","type":"product","link":"https:\/\/imprimeideas.es\/en\/product\/brazalete-inteligente-selkos\/","title":{"rendered":"Brazalete Inteligente Selkos"},"content":{"rendered":"<p>Brazalete inteligente multifunci\u00f3n de dise\u00f1o deportivo, con bater\u00eda de litio y conexi\u00f3n Bluetooth 4.0, recargable mediante conexi\u00f3n USB -cable incluido-. Su cuerpo en material TPU y su pantalla a color TFT integrada de 0,96 pulgadas lo convierten en el gadget perfecto para todo tipo de actividades deportivas, de ocio y para el d\u00eda a d\u00eda. APP disponible para iOS y Android. Con monitorizaci\u00f3n de frecuencia card\u00edaca, presi\u00f3n arterial y multitud de funciones. Presentado en atractiva caja de dise\u00f1o.<\/p>","protected":false},"excerpt":{"rendered":"<p>Conexi\u00f3n Bluetooth. Pantalla TFT 0,96&#8243;. Bater\u00eda 90 mAh<\/p>","protected":false},"featured_media":68535,"comment_status":"open","ping_status":"open","template":"","meta":{"inline_featured_image":false},"product_brand":[],"product_cat":[95],"product_tag":[],"class_list":{"0":"post-39314","1":"product","2":"type-product","3":"status-publish","4":"has-post-thumbnail","6":"product_cat-tecnologia-y-accesorios","8":"first","9":"instock","10":"taxable","11":"shipping-taxable","12":"purchasable","13":"product-type-variable","14":"has-default-attributes"},"aioseo_notices":[],"_links":{"self":[{"href":"https:\/\/imprimeideas.es\/en\/wp-json\/wp\/v2\/product\/39314","targetHints":{"allow":["GET"]}}],"collection":[{"href":"https:\/\/imprimeideas.es\/en\/wp-json\/wp\/v2\/product"}],"about":[{"href":"https:\/\/imprimeideas.es\/en\/wp-json\/wp\/v2\/types\/product"}],"replies":[{"embeddable":true,"href":"https:\/\/imprimeideas.es\/en\/wp-json\/wp\/v2\/comments?post=39314"}],"version-history":[{"count":1,"href":"https:\/\/imprimeideas.es\/en\/wp-json\/wp\/v2\/product\/39314\/revisions"}],"predecessor-version":[{"id":54206,"href":"https:\/\/imprimeideas.es\/en\/wp-json\/wp\/v2\/product\/39314\/revisions\/54206"}],"wp:featuredmedia":[{"embeddable":true,"href":"https:\/\/imprimeideas.es\/en\/wp-json\/wp\/v2\/media\/68535"}],"wp:attachment":[{"href":"https:\/\/imprimeideas.es\/en\/wp-json\/wp\/v2\/media?parent=39314"}],"wp:term":[{"taxonomy":"product_brand","embeddable":true,"href":"https:\/\/imprimeideas.es\/en\/wp-json\/wp\/v2\/product_brand?post=39314"},{"taxonomy":"product_cat","embeddable":true,"href":"https:\/\/imprimeideas.es\/en\/wp-json\/wp\/v2\/product_cat?post=39314"},{"taxonomy":"product_tag","embeddable":true,"href":"https:\/\/imprimeideas.es\/en\/wp-json\/wp\/v2\/product_tag?post=39314"}],"curies":[{"name":"wp","href":"https:\/\/api.w.org\/{rel}","templated":true}]}}