{"id":39300,"date":"2026-02-24T11:19:05","date_gmt":"2026-02-24T10:19:05","guid":{"rendered":"https:\/\/imprimeideas.es\/?post_type=product&p=39300"},"modified":"2026-02-26T18:28:10","modified_gmt":"2026-02-26T17:28:10","slug":"raton-estiky","status":"publish","type":"product","link":"https:\/\/imprimeideas.es\/en\/product\/raton-estiky\/","title":{"rendered":"Rat\u00f3n Estiky"},"content":{"rendered":"<p>Rat\u00f3n \u00f3ptico inal\u00e1mbrico de l\u00ednea nature y con dise\u00f1o ergon\u00f3mico. Fabricado en ca\u00f1a de trigo, para as\u00ed fomentar la utilizaci\u00f3n de materias primas naturales y reducir las emisiones contaminantes. Bot\u00f3n DPI incluido. Alimentaci\u00f3n a pilas: 1xAA no incluida. Presentado en atractiva caja de dise\u00f1o eco.<\/p>","protected":false},"excerpt":{"rendered":"<p>Inal\u00e1mbrico. \u00d3ptico. Bot\u00f3n DPI. 1 Pila AA No Incluida<\/p>","protected":false},"featured_media":62422,"comment_status":"open","ping_status":"open","template":"","meta":{"inline_featured_image":false},"product_brand":[],"product_cat":[122,95],"product_tag":[],"class_list":{"0":"post-39300","1":"product","2":"type-product","3":"status-publish","4":"has-post-thumbnail","6":"product_cat-articulos-sostenibles","7":"product_cat-tecnologia-y-accesorios","9":"first","10":"instock","11":"taxable","12":"shipping-taxable","13":"purchasable","14":"product-type-variable","15":"has-default-attributes"},"aioseo_notices":[],"_links":{"self":[{"href":"https:\/\/imprimeideas.es\/en\/wp-json\/wp\/v2\/product\/39300","targetHints":{"allow":["GET"]}}],"collection":[{"href":"https:\/\/imprimeideas.es\/en\/wp-json\/wp\/v2\/product"}],"about":[{"href":"https:\/\/imprimeideas.es\/en\/wp-json\/wp\/v2\/types\/product"}],"replies":[{"embeddable":true,"href":"https:\/\/imprimeideas.es\/en\/wp-json\/wp\/v2\/comments?post=39300"}],"version-history":[{"count":1,"href":"https:\/\/imprimeideas.es\/en\/wp-json\/wp\/v2\/product\/39300\/revisions"}],"predecessor-version":[{"id":54200,"href":"https:\/\/imprimeideas.es\/en\/wp-json\/wp\/v2\/product\/39300\/revisions\/54200"}],"wp:featuredmedia":[{"embeddable":true,"href":"https:\/\/imprimeideas.es\/en\/wp-json\/wp\/v2\/media\/62422"}],"wp:attachment":[{"href":"https:\/\/imprimeideas.es\/en\/wp-json\/wp\/v2\/media?parent=39300"}],"wp:term":[{"taxonomy":"product_brand","embeddable":true,"href":"https:\/\/imprimeideas.es\/en\/wp-json\/wp\/v2\/product_brand?post=39300"},{"taxonomy":"product_cat","embeddable":true,"href":"https:\/\/imprimeideas.es\/en\/wp-json\/wp\/v2\/product_cat?post=39300"},{"taxonomy":"product_tag","embeddable":true,"href":"https:\/\/imprimeideas.es\/en\/wp-json\/wp\/v2\/product_tag?post=39300"}],"curies":[{"name":"wp","href":"https:\/\/api.w.org\/{rel}","templated":true}]}}