{"id":39298,"date":"2026-02-24T11:19:05","date_gmt":"2026-02-24T10:19:05","guid":{"rendered":"https:\/\/imprimeideas.es\/?post_type=product&p=39298"},"modified":"2026-02-26T18:08:10","modified_gmt":"2026-02-26T17:08:10","slug":"cargador-soporte-noopy","status":"publish","type":"product","link":"https:\/\/imprimeideas.es\/en\/product\/cargador-soporte-noopy\/","title":{"rendered":"Cargador Soporte Noopy"},"content":{"rendered":"<p>Cargador inal\u00e1mbrico magn\u00e9tico de l\u00ednea nature con funci\u00f3n soporte para m\u00f3vil. Cargador inal\u00e1mbrico fabricado en bamb\u00fa, y carcasa en PLA -\u00c1cido PoliL\u00e1ctico-, que se obtiene a partir de recursos 100% naturales como el almid\u00f3n de ma\u00edz, la yuca o la ca\u00f1a de az\u00facar, pudiendo convertirse en 100% compostable al final de su ciclo de vida \u00fatil. Con funci\u00f3n carga r\u00e1pida de 10W y compatible con dispositivos equipados con tecnolog\u00eda de carga inal\u00e1mbrica. Incluye anilla met\u00e1lica adhesiva. Cable con conexi\u00f3n USB de 100 cm. Amplia superficie de marcaje, presentado en atractiva caja de dise\u00f1o eco.Distintivo PLA sobre el art\u00edculo.<\/p>","protected":false},"excerpt":{"rendered":"<p>Inal\u00e1mbrico 10W. Magn\u00e9tico<\/p>","protected":false},"featured_media":61045,"comment_status":"open","ping_status":"open","template":"","meta":{"inline_featured_image":false},"product_brand":[],"product_cat":[122,95],"product_tag":[],"class_list":{"0":"post-39298","1":"product","2":"type-product","3":"status-publish","4":"has-post-thumbnail","6":"product_cat-articulos-sostenibles","7":"product_cat-tecnologia-y-accesorios","9":"first","10":"instock","11":"taxable","12":"shipping-taxable","13":"purchasable","14":"product-type-variable","15":"has-default-attributes"},"aioseo_notices":[],"_links":{"self":[{"href":"https:\/\/imprimeideas.es\/en\/wp-json\/wp\/v2\/product\/39298","targetHints":{"allow":["GET"]}}],"collection":[{"href":"https:\/\/imprimeideas.es\/en\/wp-json\/wp\/v2\/product"}],"about":[{"href":"https:\/\/imprimeideas.es\/en\/wp-json\/wp\/v2\/types\/product"}],"replies":[{"embeddable":true,"href":"https:\/\/imprimeideas.es\/en\/wp-json\/wp\/v2\/comments?post=39298"}],"version-history":[{"count":1,"href":"https:\/\/imprimeideas.es\/en\/wp-json\/wp\/v2\/product\/39298\/revisions"}],"predecessor-version":[{"id":54199,"href":"https:\/\/imprimeideas.es\/en\/wp-json\/wp\/v2\/product\/39298\/revisions\/54199"}],"wp:featuredmedia":[{"embeddable":true,"href":"https:\/\/imprimeideas.es\/en\/wp-json\/wp\/v2\/media\/61045"}],"wp:attachment":[{"href":"https:\/\/imprimeideas.es\/en\/wp-json\/wp\/v2\/media?parent=39298"}],"wp:term":[{"taxonomy":"product_brand","embeddable":true,"href":"https:\/\/imprimeideas.es\/en\/wp-json\/wp\/v2\/product_brand?post=39298"},{"taxonomy":"product_cat","embeddable":true,"href":"https:\/\/imprimeideas.es\/en\/wp-json\/wp\/v2\/product_cat?post=39298"},{"taxonomy":"product_tag","embeddable":true,"href":"https:\/\/imprimeideas.es\/en\/wp-json\/wp\/v2\/product_tag?post=39298"}],"curies":[{"name":"wp","href":"https:\/\/api.w.org\/{rel}","templated":true}]}}