{"id":39296,"date":"2026-02-24T11:19:05","date_gmt":"2026-02-24T10:19:05","guid":{"rendered":"https:\/\/imprimeideas.es\/?post_type=product&p=39296"},"modified":"2026-02-26T18:28:00","modified_gmt":"2026-02-26T17:28:00","slug":"power-bank-ditte","status":"publish","type":"product","link":"https:\/\/imprimeideas.es\/en\/product\/power-bank-ditte\/","title":{"rendered":"Power Bank Ditte"},"content":{"rendered":"<p>Bater\u00eda auxiliar externa de l\u00ednea nature con cargador inal\u00e1mbrico integrado y funci\u00f3n carga r\u00e1pida de 15W. Carcasa fabricada en combinaci\u00f3n de bamb\u00fa y PLA -\u00c1cido PoliL\u00e1ctico-, que se obtiene a partir de recursos 100% naturales como el almid\u00f3n de ma\u00edz, la yuca o la ca\u00f1a de az\u00facar, pudiendo convertirse en 100% compostable al final de su ciclo de vida \u00fatil. 8.000 mAh de capacidad, con indicador de estado de carga. Conector dual de entrada y salida Tipo C, entrada micro USB y 1 salida USB. Cable de carga micro USB incluido. Compatible con dispositivos equipados con tecnolog\u00eda de carga inal\u00e1mbrica. Amplia superficie de marcaje y presentado en atractiva caja de dise\u00f1o eco. Distintivo PLA sobre el art\u00edculo. Las capacidades mostradas en todas nuestras bater\u00edas auxiliares externas son reales, incorporando todas ellas bater\u00edas de grado A y no recicladas, con una vida \u00fatil de al menos 500 ciclos de carga y seg\u00fan normativa CE. Adem\u00e1s, est\u00e1n fabricadas conforme a los est\u00e1ndares RoHS y en cumplimiento con los siguientes requisitos de seguridad: Sistema de protecci\u00f3n contra sobrecarga del power bank. Sistema de protecci\u00f3n contra descarga completa que proporciona una mayor durabilidad del power bank. Sistema de bloqueo para evitar cortocircuitos. Sistema de transferencia de carga constante, acorde con la capacidad del dispositivo de destino.<\/p>","protected":false},"excerpt":{"rendered":"<p>Inal\u00e1mbrico 15W. 8000 mAh. 1 Salida USB y 1 Tipo C. Entrada Micro USB y Tipo C<\/p>","protected":false},"featured_media":78155,"comment_status":"open","ping_status":"open","template":"","meta":{"inline_featured_image":false},"product_brand":[],"product_cat":[122,95],"product_tag":[],"class_list":{"0":"post-39296","1":"product","2":"type-product","3":"status-publish","4":"has-post-thumbnail","6":"product_cat-articulos-sostenibles","7":"product_cat-tecnologia-y-accesorios","9":"first","10":"outofstock","11":"taxable","12":"shipping-taxable","13":"purchasable","14":"product-type-variable","15":"has-default-attributes"},"aioseo_notices":[],"_links":{"self":[{"href":"https:\/\/imprimeideas.es\/en\/wp-json\/wp\/v2\/product\/39296","targetHints":{"allow":["GET"]}}],"collection":[{"href":"https:\/\/imprimeideas.es\/en\/wp-json\/wp\/v2\/product"}],"about":[{"href":"https:\/\/imprimeideas.es\/en\/wp-json\/wp\/v2\/types\/product"}],"replies":[{"embeddable":true,"href":"https:\/\/imprimeideas.es\/en\/wp-json\/wp\/v2\/comments?post=39296"}],"version-history":[{"count":1,"href":"https:\/\/imprimeideas.es\/en\/wp-json\/wp\/v2\/product\/39296\/revisions"}],"predecessor-version":[{"id":54198,"href":"https:\/\/imprimeideas.es\/en\/wp-json\/wp\/v2\/product\/39296\/revisions\/54198"}],"wp:featuredmedia":[{"embeddable":true,"href":"https:\/\/imprimeideas.es\/en\/wp-json\/wp\/v2\/media\/78155"}],"wp:attachment":[{"href":"https:\/\/imprimeideas.es\/en\/wp-json\/wp\/v2\/media?parent=39296"}],"wp:term":[{"taxonomy":"product_brand","embeddable":true,"href":"https:\/\/imprimeideas.es\/en\/wp-json\/wp\/v2\/product_brand?post=39296"},{"taxonomy":"product_cat","embeddable":true,"href":"https:\/\/imprimeideas.es\/en\/wp-json\/wp\/v2\/product_cat?post=39296"},{"taxonomy":"product_tag","embeddable":true,"href":"https:\/\/imprimeideas.es\/en\/wp-json\/wp\/v2\/product_tag?post=39296"}],"curies":[{"name":"wp","href":"https:\/\/api.w.org\/{rel}","templated":true}]}}