{"id":39293,"date":"2026-02-24T11:19:05","date_gmt":"2026-02-24T10:19:05","guid":{"rendered":"https:\/\/imprimeideas.es\/?post_type=product&p=39293"},"modified":"2026-02-26T18:13:41","modified_gmt":"2026-02-26T17:13:41","slug":"altavoz-pixie","status":"publish","type":"product","link":"https:\/\/imprimeideas.es\/en\/product\/altavoz-pixie\/","title":{"rendered":"Altavoz Pixie"},"content":{"rendered":"<p>Altavoz de l\u00ednea nature y conexi\u00f3n Bluetooth 5.0. Fabricado en combinaci\u00f3n de bamb\u00fa y PLA -\u00c1cido PoliL\u00e1ctico-, que se obtiene a partir de recursos 100% naturales como el almid\u00f3n de ma\u00edz, la yuca o la ca\u00f1a de az\u00facar, pudiendo convertirse en 100% compostable al final de su ciclo de vida \u00fatil. 3W de potencia, con funci\u00f3n manos libres y recargable mediante cable USB -incluido-. Presentado en atractiva caja de dise\u00f1o eco. Distintivo PLA sobre el art\u00edculo.<\/p>","protected":false},"excerpt":{"rendered":"<p>Conexi\u00f3n Bluetooth. Potencia Sonido 3W. Bater\u00eda 300 mAh<\/p>","protected":false},"featured_media":74791,"comment_status":"open","ping_status":"open","template":"","meta":{"inline_featured_image":false},"product_brand":[],"product_cat":[122,95],"product_tag":[],"class_list":{"0":"post-39293","1":"product","2":"type-product","3":"status-publish","4":"has-post-thumbnail","6":"product_cat-articulos-sostenibles","7":"product_cat-tecnologia-y-accesorios","9":"first","10":"instock","11":"taxable","12":"shipping-taxable","13":"purchasable","14":"product-type-variable","15":"has-default-attributes"},"aioseo_notices":[],"_links":{"self":[{"href":"https:\/\/imprimeideas.es\/en\/wp-json\/wp\/v2\/product\/39293","targetHints":{"allow":["GET"]}}],"collection":[{"href":"https:\/\/imprimeideas.es\/en\/wp-json\/wp\/v2\/product"}],"about":[{"href":"https:\/\/imprimeideas.es\/en\/wp-json\/wp\/v2\/types\/product"}],"replies":[{"embeddable":true,"href":"https:\/\/imprimeideas.es\/en\/wp-json\/wp\/v2\/comments?post=39293"}],"version-history":[{"count":1,"href":"https:\/\/imprimeideas.es\/en\/wp-json\/wp\/v2\/product\/39293\/revisions"}],"predecessor-version":[{"id":54197,"href":"https:\/\/imprimeideas.es\/en\/wp-json\/wp\/v2\/product\/39293\/revisions\/54197"}],"wp:featuredmedia":[{"embeddable":true,"href":"https:\/\/imprimeideas.es\/en\/wp-json\/wp\/v2\/media\/74791"}],"wp:attachment":[{"href":"https:\/\/imprimeideas.es\/en\/wp-json\/wp\/v2\/media?parent=39293"}],"wp:term":[{"taxonomy":"product_brand","embeddable":true,"href":"https:\/\/imprimeideas.es\/en\/wp-json\/wp\/v2\/product_brand?post=39293"},{"taxonomy":"product_cat","embeddable":true,"href":"https:\/\/imprimeideas.es\/en\/wp-json\/wp\/v2\/product_cat?post=39293"},{"taxonomy":"product_tag","embeddable":true,"href":"https:\/\/imprimeideas.es\/en\/wp-json\/wp\/v2\/product_tag?post=39293"}],"curies":[{"name":"wp","href":"https:\/\/api.w.org\/{rel}","templated":true}]}}