{"id":39286,"date":"2026-02-24T11:19:04","date_gmt":"2026-02-24T10:19:04","guid":{"rendered":"https:\/\/imprimeideas.es\/?post_type=product&p=39286"},"modified":"2026-02-26T18:19:34","modified_gmt":"2026-02-26T17:19:34","slug":"medalla-maclein","status":"publish","type":"product","link":"https:\/\/imprimeideas.es\/en\/product\/medalla-maclein\/","title":{"rendered":"Medalla Maclein"},"content":{"rendered":"<p>Medalla met\u00e1lica de acabado dorado liso, con cinta de poli\u00e9ster en rojo y especialmente dise\u00f1ada para marcaje en impresi\u00f3n digital.<\/p>","protected":false},"excerpt":{"rendered":"<p>Medalla met\u00e1lica de acabado dorado liso, con cinta de poli\u00e9ster en rojo y especialmente dise\u00f1ada para marcaje en impresi\u00f3n digital.<\/p>","protected":false},"featured_media":69475,"comment_status":"open","ping_status":"open","template":"","meta":{"inline_featured_image":false},"product_brand":[],"product_cat":[113],"product_tag":[],"class_list":{"0":"post-39286","1":"product","2":"type-product","3":"status-publish","4":"has-post-thumbnail","6":"product_cat-eventos-y-fiesta","8":"first","9":"instock","10":"taxable","11":"shipping-taxable","12":"purchasable","13":"product-type-variable","14":"has-default-attributes"},"aioseo_notices":[],"_links":{"self":[{"href":"https:\/\/imprimeideas.es\/en\/wp-json\/wp\/v2\/product\/39286","targetHints":{"allow":["GET"]}}],"collection":[{"href":"https:\/\/imprimeideas.es\/en\/wp-json\/wp\/v2\/product"}],"about":[{"href":"https:\/\/imprimeideas.es\/en\/wp-json\/wp\/v2\/types\/product"}],"replies":[{"embeddable":true,"href":"https:\/\/imprimeideas.es\/en\/wp-json\/wp\/v2\/comments?post=39286"}],"version-history":[{"count":1,"href":"https:\/\/imprimeideas.es\/en\/wp-json\/wp\/v2\/product\/39286\/revisions"}],"predecessor-version":[{"id":54194,"href":"https:\/\/imprimeideas.es\/en\/wp-json\/wp\/v2\/product\/39286\/revisions\/54194"}],"wp:featuredmedia":[{"embeddable":true,"href":"https:\/\/imprimeideas.es\/en\/wp-json\/wp\/v2\/media\/69475"}],"wp:attachment":[{"href":"https:\/\/imprimeideas.es\/en\/wp-json\/wp\/v2\/media?parent=39286"}],"wp:term":[{"taxonomy":"product_brand","embeddable":true,"href":"https:\/\/imprimeideas.es\/en\/wp-json\/wp\/v2\/product_brand?post=39286"},{"taxonomy":"product_cat","embeddable":true,"href":"https:\/\/imprimeideas.es\/en\/wp-json\/wp\/v2\/product_cat?post=39286"},{"taxonomy":"product_tag","embeddable":true,"href":"https:\/\/imprimeideas.es\/en\/wp-json\/wp\/v2\/product_tag?post=39286"}],"curies":[{"name":"wp","href":"https:\/\/api.w.org\/{rel}","templated":true}]}}