{"id":39203,"date":"2026-02-24T11:18:24","date_gmt":"2026-02-24T10:18:24","guid":{"rendered":"https:\/\/imprimeideas.es\/?post_type=product&p=39203"},"modified":"2026-02-26T18:08:23","modified_gmt":"2026-02-26T17:08:23","slug":"bolsa-klimbou","status":"publish","type":"product","link":"https:\/\/imprimeideas.es\/en\/product\/bolsa-klimbou\/","title":{"rendered":"Bolsa Klimbou"},"content":{"rendered":"<p>Bolsa fabricada en material100% algod\u00f3n org\u00e1nico de 140g\/m2. De acabaco cosido, con asas largas reforzadas de 70 cm y disponible en variada gama de colores. Resistencia hasta 8kg, incluida etiqueta con distintivo de algod\u00f3n org\u00e1nico y hangtag en cart\u00f3n reciclado.<\/p>","protected":false},"excerpt":{"rendered":"<p>Bolsa fabricada en material100% algod\u00f3n org\u00e1nico de 140g\/m2. De acabaco cosido, con asas largas reforzadas de 70 cm y disponible<\/p>","protected":false},"featured_media":39841,"comment_status":"open","ping_status":"open","template":"","meta":{"inline_featured_image":false},"product_brand":[],"product_cat":[122,99],"product_tag":[],"class_list":{"0":"post-39203","1":"product","2":"type-product","3":"status-publish","4":"has-post-thumbnail","6":"product_cat-articulos-sostenibles","7":"product_cat-bolsas","9":"first","10":"instock","11":"taxable","12":"shipping-taxable","13":"purchasable","14":"product-type-variable","15":"has-default-attributes"},"aioseo_notices":[],"_links":{"self":[{"href":"https:\/\/imprimeideas.es\/en\/wp-json\/wp\/v2\/product\/39203","targetHints":{"allow":["GET"]}}],"collection":[{"href":"https:\/\/imprimeideas.es\/en\/wp-json\/wp\/v2\/product"}],"about":[{"href":"https:\/\/imprimeideas.es\/en\/wp-json\/wp\/v2\/types\/product"}],"replies":[{"embeddable":true,"href":"https:\/\/imprimeideas.es\/en\/wp-json\/wp\/v2\/comments?post=39203"}],"version-history":[{"count":1,"href":"https:\/\/imprimeideas.es\/en\/wp-json\/wp\/v2\/product\/39203\/revisions"}],"predecessor-version":[{"id":54184,"href":"https:\/\/imprimeideas.es\/en\/wp-json\/wp\/v2\/product\/39203\/revisions\/54184"}],"wp:featuredmedia":[{"embeddable":true,"href":"https:\/\/imprimeideas.es\/en\/wp-json\/wp\/v2\/media\/39841"}],"wp:attachment":[{"href":"https:\/\/imprimeideas.es\/en\/wp-json\/wp\/v2\/media?parent=39203"}],"wp:term":[{"taxonomy":"product_brand","embeddable":true,"href":"https:\/\/imprimeideas.es\/en\/wp-json\/wp\/v2\/product_brand?post=39203"},{"taxonomy":"product_cat","embeddable":true,"href":"https:\/\/imprimeideas.es\/en\/wp-json\/wp\/v2\/product_cat?post=39203"},{"taxonomy":"product_tag","embeddable":true,"href":"https:\/\/imprimeideas.es\/en\/wp-json\/wp\/v2\/product_tag?post=39203"}],"curies":[{"name":"wp","href":"https:\/\/api.w.org\/{rel}","templated":true}]}}