{"id":39201,"date":"2026-02-24T11:18:23","date_gmt":"2026-02-24T10:18:23","guid":{"rendered":"https:\/\/imprimeideas.es\/?post_type=product&p=39201"},"modified":"2026-02-26T18:19:40","modified_gmt":"2026-02-26T17:19:40","slug":"bolsa-fizzy","status":"publish","type":"product","link":"https:\/\/imprimeideas.es\/en\/product\/bolsa-fizzy\/","title":{"rendered":"Bolsa Fizzy"},"content":{"rendered":"<p>Bolsa fabricada en material100% algod\u00f3n org\u00e1nico de 180g\/m2 y en tono natural. De acabado cosido, con asas medianas reforzadas de 70 cm. Resistencia hasta 8kg, incluida etiqueta con distintivo de algod\u00f3n org\u00e1nico y hangtag en cart\u00f3n reciclado.<\/p>","protected":false},"excerpt":{"rendered":"<p>Bolsa fabricada en material100% algod\u00f3n org\u00e1nico de 180g\/m2 y en tono natural. De acabado cosido, con asas medianas reforzadas de<\/p>","protected":false},"featured_media":83890,"comment_status":"open","ping_status":"open","template":"","meta":{"inline_featured_image":false},"product_brand":[],"product_cat":[122,99],"product_tag":[],"class_list":{"0":"post-39201","1":"product","2":"type-product","3":"status-publish","4":"has-post-thumbnail","6":"product_cat-articulos-sostenibles","7":"product_cat-bolsas","9":"first","10":"instock","11":"taxable","12":"shipping-taxable","13":"purchasable","14":"product-type-variable","15":"has-default-attributes"},"aioseo_notices":[],"_links":{"self":[{"href":"https:\/\/imprimeideas.es\/en\/wp-json\/wp\/v2\/product\/39201","targetHints":{"allow":["GET"]}}],"collection":[{"href":"https:\/\/imprimeideas.es\/en\/wp-json\/wp\/v2\/product"}],"about":[{"href":"https:\/\/imprimeideas.es\/en\/wp-json\/wp\/v2\/types\/product"}],"replies":[{"embeddable":true,"href":"https:\/\/imprimeideas.es\/en\/wp-json\/wp\/v2\/comments?post=39201"}],"version-history":[{"count":1,"href":"https:\/\/imprimeideas.es\/en\/wp-json\/wp\/v2\/product\/39201\/revisions"}],"predecessor-version":[{"id":54183,"href":"https:\/\/imprimeideas.es\/en\/wp-json\/wp\/v2\/product\/39201\/revisions\/54183"}],"wp:featuredmedia":[{"embeddable":true,"href":"https:\/\/imprimeideas.es\/en\/wp-json\/wp\/v2\/media\/83890"}],"wp:attachment":[{"href":"https:\/\/imprimeideas.es\/en\/wp-json\/wp\/v2\/media?parent=39201"}],"wp:term":[{"taxonomy":"product_brand","embeddable":true,"href":"https:\/\/imprimeideas.es\/en\/wp-json\/wp\/v2\/product_brand?post=39201"},{"taxonomy":"product_cat","embeddable":true,"href":"https:\/\/imprimeideas.es\/en\/wp-json\/wp\/v2\/product_cat?post=39201"},{"taxonomy":"product_tag","embeddable":true,"href":"https:\/\/imprimeideas.es\/en\/wp-json\/wp\/v2\/product_tag?post=39201"}],"curies":[{"name":"wp","href":"https:\/\/api.w.org\/{rel}","templated":true}]}}