{"id":39188,"date":"2026-02-24T11:18:22","date_gmt":"2026-02-24T10:18:22","guid":{"rendered":"https:\/\/imprimeideas.es\/?post_type=product&p=39188"},"modified":"2026-02-26T18:03:12","modified_gmt":"2026-02-26T17:03:12","slug":"neceser-chack","status":"publish","type":"product","link":"https:\/\/imprimeideas.es\/en\/product\/neceser-chack\/","title":{"rendered":"Neceser Chack"},"content":{"rendered":"<p>Neceser en material sint\u00e9tico, con cierre de cremallera y tirador met\u00e1lico. Con superficie para personalizaci\u00f3n en madera, especialmente dise\u00f1ada para marcaje en l\u00e1ser.<\/p>","protected":false},"excerpt":{"rendered":"<p>Neceser en material sint\u00e9tico, con cierre de cremallera y tirador met\u00e1lico. Con superficie para personalizaci\u00f3n en madera, especialmente dise\u00f1ada para<\/p>","protected":false},"featured_media":39878,"comment_status":"open","ping_status":"open","template":"","meta":{"inline_featured_image":false},"product_brand":[],"product_cat":[107,114],"product_tag":[],"class_list":{"0":"post-39188","1":"product","2":"type-product","3":"status-publish","4":"has-post-thumbnail","6":"product_cat-cuidado-personal-y-pharma","7":"product_cat-verano-y-playa","9":"first","10":"instock","11":"taxable","12":"shipping-taxable","13":"purchasable","14":"product-type-variable","15":"has-default-attributes"},"aioseo_notices":[],"_links":{"self":[{"href":"https:\/\/imprimeideas.es\/en\/wp-json\/wp\/v2\/product\/39188","targetHints":{"allow":["GET"]}}],"collection":[{"href":"https:\/\/imprimeideas.es\/en\/wp-json\/wp\/v2\/product"}],"about":[{"href":"https:\/\/imprimeideas.es\/en\/wp-json\/wp\/v2\/types\/product"}],"replies":[{"embeddable":true,"href":"https:\/\/imprimeideas.es\/en\/wp-json\/wp\/v2\/comments?post=39188"}],"version-history":[{"count":1,"href":"https:\/\/imprimeideas.es\/en\/wp-json\/wp\/v2\/product\/39188\/revisions"}],"predecessor-version":[{"id":54179,"href":"https:\/\/imprimeideas.es\/en\/wp-json\/wp\/v2\/product\/39188\/revisions\/54179"}],"wp:featuredmedia":[{"embeddable":true,"href":"https:\/\/imprimeideas.es\/en\/wp-json\/wp\/v2\/media\/39878"}],"wp:attachment":[{"href":"https:\/\/imprimeideas.es\/en\/wp-json\/wp\/v2\/media?parent=39188"}],"wp:term":[{"taxonomy":"product_brand","embeddable":true,"href":"https:\/\/imprimeideas.es\/en\/wp-json\/wp\/v2\/product_brand?post=39188"},{"taxonomy":"product_cat","embeddable":true,"href":"https:\/\/imprimeideas.es\/en\/wp-json\/wp\/v2\/product_cat?post=39188"},{"taxonomy":"product_tag","embeddable":true,"href":"https:\/\/imprimeideas.es\/en\/wp-json\/wp\/v2\/product_tag?post=39188"}],"curies":[{"name":"wp","href":"https:\/\/api.w.org\/{rel}","templated":true}]}}