{"id":39167,"date":"2026-02-24T11:18:20","date_gmt":"2026-02-24T10:18:20","guid":{"rendered":"https:\/\/imprimeideas.es\/?post_type=product&p=39167"},"modified":"2026-02-26T18:23:30","modified_gmt":"2026-02-26T17:23:30","slug":"bolsa-raxnal","status":"publish","type":"product","link":"https:\/\/imprimeideas.es\/en\/product\/bolsa-raxnal\/","title":{"rendered":"Bolsa Raxnal"},"content":{"rendered":"<p>Bolsa en resistente combinaci\u00f3n de yute laminado y algod\u00f3n laminado, con asas de algod\u00f3n natural. De acabado cosido, con asas largas reforzadas y disponible en amplia gama de colores. Resistencia hasta 10kg de peso.<\/p>","protected":false},"excerpt":{"rendered":"<p>Bolsa en resistente combinaci\u00f3n de yute laminado y algod\u00f3n laminado, con asas de algod\u00f3n natural. De acabado cosido, con asas<\/p>","protected":false},"featured_media":82015,"comment_status":"open","ping_status":"open","template":"","meta":{"inline_featured_image":false},"product_brand":[],"product_cat":[122,99,114],"product_tag":[],"class_list":{"0":"post-39167","1":"product","2":"type-product","3":"status-publish","4":"has-post-thumbnail","6":"product_cat-articulos-sostenibles","7":"product_cat-bolsas","8":"product_cat-verano-y-playa","10":"first","11":"instock","12":"taxable","13":"shipping-taxable","14":"purchasable","15":"product-type-variable","16":"has-default-attributes"},"aioseo_notices":[],"_links":{"self":[{"href":"https:\/\/imprimeideas.es\/en\/wp-json\/wp\/v2\/product\/39167","targetHints":{"allow":["GET"]}}],"collection":[{"href":"https:\/\/imprimeideas.es\/en\/wp-json\/wp\/v2\/product"}],"about":[{"href":"https:\/\/imprimeideas.es\/en\/wp-json\/wp\/v2\/types\/product"}],"replies":[{"embeddable":true,"href":"https:\/\/imprimeideas.es\/en\/wp-json\/wp\/v2\/comments?post=39167"}],"version-history":[{"count":1,"href":"https:\/\/imprimeideas.es\/en\/wp-json\/wp\/v2\/product\/39167\/revisions"}],"predecessor-version":[{"id":54173,"href":"https:\/\/imprimeideas.es\/en\/wp-json\/wp\/v2\/product\/39167\/revisions\/54173"}],"wp:featuredmedia":[{"embeddable":true,"href":"https:\/\/imprimeideas.es\/en\/wp-json\/wp\/v2\/media\/82015"}],"wp:attachment":[{"href":"https:\/\/imprimeideas.es\/en\/wp-json\/wp\/v2\/media?parent=39167"}],"wp:term":[{"taxonomy":"product_brand","embeddable":true,"href":"https:\/\/imprimeideas.es\/en\/wp-json\/wp\/v2\/product_brand?post=39167"},{"taxonomy":"product_cat","embeddable":true,"href":"https:\/\/imprimeideas.es\/en\/wp-json\/wp\/v2\/product_cat?post=39167"},{"taxonomy":"product_tag","embeddable":true,"href":"https:\/\/imprimeideas.es\/en\/wp-json\/wp\/v2\/product_tag?post=39167"}],"curies":[{"name":"wp","href":"https:\/\/api.w.org\/{rel}","templated":true}]}}