{"id":39163,"date":"2026-02-24T11:18:20","date_gmt":"2026-02-24T10:18:20","guid":{"rendered":"https:\/\/imprimeideas.es\/?post_type=product&p=39163"},"modified":"2026-02-26T18:37:34","modified_gmt":"2026-02-26T17:37:34","slug":"bidon-wistel","status":"publish","type":"product","link":"https:\/\/imprimeideas.es\/en\/product\/bidon-wistel\/","title":{"rendered":"Bid\u00f3n Wistel"},"content":{"rendered":"<p>Bid\u00f3n en PE veteado de 600ml de capacidad, libre de BPA. Con tap\u00f3n de seguridad a rosca en acero inox y cinta de transporte. Certificaci\u00f3n Food Grade, garantizando la seguridad cuando la bebida entra en contacto con el material usado para fabricar el producto.<\/p>","protected":false},"excerpt":{"rendered":"<p>600 ml<\/p>","protected":false},"featured_media":85330,"comment_status":"open","ping_status":"open","template":"","meta":{"inline_featured_image":false},"product_brand":[],"product_cat":[97],"product_tag":[],"class_list":{"0":"post-39163","1":"product","2":"type-product","3":"status-publish","4":"has-post-thumbnail","6":"product_cat-tazas-jarras-y-termos","8":"first","9":"instock","10":"taxable","11":"shipping-taxable","12":"purchasable","13":"product-type-variable","14":"has-default-attributes"},"aioseo_notices":[],"_links":{"self":[{"href":"https:\/\/imprimeideas.es\/en\/wp-json\/wp\/v2\/product\/39163","targetHints":{"allow":["GET"]}}],"collection":[{"href":"https:\/\/imprimeideas.es\/en\/wp-json\/wp\/v2\/product"}],"about":[{"href":"https:\/\/imprimeideas.es\/en\/wp-json\/wp\/v2\/types\/product"}],"replies":[{"embeddable":true,"href":"https:\/\/imprimeideas.es\/en\/wp-json\/wp\/v2\/comments?post=39163"}],"version-history":[{"count":1,"href":"https:\/\/imprimeideas.es\/en\/wp-json\/wp\/v2\/product\/39163\/revisions"}],"predecessor-version":[{"id":54171,"href":"https:\/\/imprimeideas.es\/en\/wp-json\/wp\/v2\/product\/39163\/revisions\/54171"}],"wp:featuredmedia":[{"embeddable":true,"href":"https:\/\/imprimeideas.es\/en\/wp-json\/wp\/v2\/media\/85330"}],"wp:attachment":[{"href":"https:\/\/imprimeideas.es\/en\/wp-json\/wp\/v2\/media?parent=39163"}],"wp:term":[{"taxonomy":"product_brand","embeddable":true,"href":"https:\/\/imprimeideas.es\/en\/wp-json\/wp\/v2\/product_brand?post=39163"},{"taxonomy":"product_cat","embeddable":true,"href":"https:\/\/imprimeideas.es\/en\/wp-json\/wp\/v2\/product_cat?post=39163"},{"taxonomy":"product_tag","embeddable":true,"href":"https:\/\/imprimeideas.es\/en\/wp-json\/wp\/v2\/product_tag?post=39163"}],"curies":[{"name":"wp","href":"https:\/\/api.w.org\/{rel}","templated":true}]}}