{"id":39160,"date":"2026-02-24T11:18:20","date_gmt":"2026-02-24T10:18:20","guid":{"rendered":"https:\/\/imprimeideas.es\/?post_type=product&p=39160"},"modified":"2026-02-26T18:19:27","modified_gmt":"2026-02-26T17:19:27","slug":"vaso-plegable-sainod","status":"publish","type":"product","link":"https:\/\/imprimeideas.es\/en\/product\/vaso-plegable-sainod\/","title":{"rendered":"Vaso Plegable Sainod"},"content":{"rendered":"<p>Original vaso plegable para emergencias fabricado en PP veteado libre de BPA. De 220ml de capacidad, con mosquet\u00f3n met\u00e1lico de transporte. Certificaci\u00f3n Food Grade, garantizando la seguridad cuando los alimentos entran en contacto con el material usado para fabricar el producto.<\/p>","protected":false},"excerpt":{"rendered":"<p>220 ml<\/p>","protected":false},"featured_media":85888,"comment_status":"open","ping_status":"open","template":"","meta":{"inline_featured_image":false},"product_brand":[],"product_cat":[122,98,97],"product_tag":[],"class_list":{"0":"post-39160","1":"product","2":"type-product","3":"status-publish","4":"has-post-thumbnail","6":"product_cat-articulos-sostenibles","7":"product_cat-take-away","8":"product_cat-tazas-jarras-y-termos","10":"first","11":"instock","12":"taxable","13":"shipping-taxable","14":"purchasable","15":"product-type-variable","16":"has-default-attributes"},"aioseo_notices":[],"_links":{"self":[{"href":"https:\/\/imprimeideas.es\/en\/wp-json\/wp\/v2\/product\/39160","targetHints":{"allow":["GET"]}}],"collection":[{"href":"https:\/\/imprimeideas.es\/en\/wp-json\/wp\/v2\/product"}],"about":[{"href":"https:\/\/imprimeideas.es\/en\/wp-json\/wp\/v2\/types\/product"}],"replies":[{"embeddable":true,"href":"https:\/\/imprimeideas.es\/en\/wp-json\/wp\/v2\/comments?post=39160"}],"version-history":[{"count":1,"href":"https:\/\/imprimeideas.es\/en\/wp-json\/wp\/v2\/product\/39160\/revisions"}],"predecessor-version":[{"id":54170,"href":"https:\/\/imprimeideas.es\/en\/wp-json\/wp\/v2\/product\/39160\/revisions\/54170"}],"wp:featuredmedia":[{"embeddable":true,"href":"https:\/\/imprimeideas.es\/en\/wp-json\/wp\/v2\/media\/85888"}],"wp:attachment":[{"href":"https:\/\/imprimeideas.es\/en\/wp-json\/wp\/v2\/media?parent=39160"}],"wp:term":[{"taxonomy":"product_brand","embeddable":true,"href":"https:\/\/imprimeideas.es\/en\/wp-json\/wp\/v2\/product_brand?post=39160"},{"taxonomy":"product_cat","embeddable":true,"href":"https:\/\/imprimeideas.es\/en\/wp-json\/wp\/v2\/product_cat?post=39160"},{"taxonomy":"product_tag","embeddable":true,"href":"https:\/\/imprimeideas.es\/en\/wp-json\/wp\/v2\/product_tag?post=39160"}],"curies":[{"name":"wp","href":"https:\/\/api.w.org\/{rel}","templated":true}]}}