{"id":39149,"date":"2026-02-24T11:18:19","date_gmt":"2026-02-24T10:18:19","guid":{"rendered":"https:\/\/imprimeideas.es\/?post_type=product&p=39149"},"modified":"2026-02-26T18:28:00","modified_gmt":"2026-02-26T17:28:00","slug":"comba-lakex","status":"publish","type":"product","link":"https:\/\/imprimeideas.es\/en\/product\/comba-lakex\/","title":{"rendered":"Comba Lakex"},"content":{"rendered":"<p>Comba de calidad premium, con cuerda extra larga ajustable de 3m de largo y fabricada en acero con cobertura de resistente PVC. Con mangos de sujeci\u00f3n ergon\u00f3micos y presentada en funda de poli\u00e9ster RPET con cierre de cord\u00f3n, elaborada a partir de pl\u00e1stico reciclado para as\u00ed fomentar la reutilizaci\u00f3n de residuos pl\u00e1sticos y contribuir a la sostenibilidad del planeta. Etiqueta distintiva RPET en la funda.<\/p>","protected":false},"excerpt":{"rendered":"<p>Regulable. Funda Poli\u00e9ster RPET<\/p>","protected":false},"featured_media":72517,"comment_status":"open","ping_status":"open","template":"","meta":{"inline_featured_image":false},"product_brand":[],"product_cat":[122,101],"product_tag":[],"class_list":{"0":"post-39149","1":"product","2":"type-product","3":"status-publish","4":"has-post-thumbnail","6":"product_cat-articulos-sostenibles","7":"product_cat-deporte-y-aventura","9":"first","10":"instock","11":"taxable","12":"shipping-taxable","13":"purchasable","14":"product-type-variable","15":"has-default-attributes"},"aioseo_notices":[],"_links":{"self":[{"href":"https:\/\/imprimeideas.es\/en\/wp-json\/wp\/v2\/product\/39149","targetHints":{"allow":["GET"]}}],"collection":[{"href":"https:\/\/imprimeideas.es\/en\/wp-json\/wp\/v2\/product"}],"about":[{"href":"https:\/\/imprimeideas.es\/en\/wp-json\/wp\/v2\/types\/product"}],"replies":[{"embeddable":true,"href":"https:\/\/imprimeideas.es\/en\/wp-json\/wp\/v2\/comments?post=39149"}],"version-history":[{"count":1,"href":"https:\/\/imprimeideas.es\/en\/wp-json\/wp\/v2\/product\/39149\/revisions"}],"predecessor-version":[{"id":54166,"href":"https:\/\/imprimeideas.es\/en\/wp-json\/wp\/v2\/product\/39149\/revisions\/54166"}],"wp:featuredmedia":[{"embeddable":true,"href":"https:\/\/imprimeideas.es\/en\/wp-json\/wp\/v2\/media\/72517"}],"wp:attachment":[{"href":"https:\/\/imprimeideas.es\/en\/wp-json\/wp\/v2\/media?parent=39149"}],"wp:term":[{"taxonomy":"product_brand","embeddable":true,"href":"https:\/\/imprimeideas.es\/en\/wp-json\/wp\/v2\/product_brand?post=39149"},{"taxonomy":"product_cat","embeddable":true,"href":"https:\/\/imprimeideas.es\/en\/wp-json\/wp\/v2\/product_cat?post=39149"},{"taxonomy":"product_tag","embeddable":true,"href":"https:\/\/imprimeideas.es\/en\/wp-json\/wp\/v2\/product_tag?post=39149"}],"curies":[{"name":"wp","href":"https:\/\/api.w.org\/{rel}","templated":true}]}}