{"id":39146,"date":"2026-02-24T11:18:18","date_gmt":"2026-02-24T10:18:18","guid":{"rendered":"https:\/\/imprimeideas.es\/?post_type=product&p=39146"},"modified":"2026-02-26T18:13:41","modified_gmt":"2026-02-26T17:13:41","slug":"delantal-leiza","status":"publish","type":"product","link":"https:\/\/imprimeideas.es\/en\/product\/delantal-leiza\/","title":{"rendered":"Delantal Leiza"},"content":{"rendered":"<p>Delantal de l\u00ednea nature, fabricado en 100% tela de c\u00e1\u00f1amo de 200g\/m2 obtenida de la planta Cannabis, cuyos procesos tanto de cultivo como de obtenci\u00f3n de fibras son respetuosos con el medio ambiente, dando como resultado un tejido de gran resistencia, de origen natural y sostenible. Con bolsillo frontal y cintas de ajuste, de corte por debajo de la rodilla. Distintivo HEMP en etiqueta.<\/p>","protected":false},"excerpt":{"rendered":"<p>Delantal de l\u00ednea nature, fabricado en 100% tela de c\u00e1\u00f1amo de 200g\/m2 obtenida de la planta Cannabis, cuyos procesos tanto<\/p>","protected":false},"featured_media":79087,"comment_status":"open","ping_status":"open","template":"","meta":{"inline_featured_image":false},"product_brand":[],"product_cat":[122,104],"product_tag":[],"class_list":{"0":"post-39146","1":"product","2":"type-product","3":"status-publish","4":"has-post-thumbnail","6":"product_cat-articulos-sostenibles","7":"product_cat-hogar-y-decoracion","9":"first","10":"instock","11":"taxable","12":"shipping-taxable","13":"purchasable","14":"product-type-variable","15":"has-default-attributes"},"aioseo_notices":[],"_links":{"self":[{"href":"https:\/\/imprimeideas.es\/en\/wp-json\/wp\/v2\/product\/39146","targetHints":{"allow":["GET"]}}],"collection":[{"href":"https:\/\/imprimeideas.es\/en\/wp-json\/wp\/v2\/product"}],"about":[{"href":"https:\/\/imprimeideas.es\/en\/wp-json\/wp\/v2\/types\/product"}],"replies":[{"embeddable":true,"href":"https:\/\/imprimeideas.es\/en\/wp-json\/wp\/v2\/comments?post=39146"}],"version-history":[{"count":1,"href":"https:\/\/imprimeideas.es\/en\/wp-json\/wp\/v2\/product\/39146\/revisions"}],"predecessor-version":[{"id":54165,"href":"https:\/\/imprimeideas.es\/en\/wp-json\/wp\/v2\/product\/39146\/revisions\/54165"}],"wp:featuredmedia":[{"embeddable":true,"href":"https:\/\/imprimeideas.es\/en\/wp-json\/wp\/v2\/media\/79087"}],"wp:attachment":[{"href":"https:\/\/imprimeideas.es\/en\/wp-json\/wp\/v2\/media?parent=39146"}],"wp:term":[{"taxonomy":"product_brand","embeddable":true,"href":"https:\/\/imprimeideas.es\/en\/wp-json\/wp\/v2\/product_brand?post=39146"},{"taxonomy":"product_cat","embeddable":true,"href":"https:\/\/imprimeideas.es\/en\/wp-json\/wp\/v2\/product_cat?post=39146"},{"taxonomy":"product_tag","embeddable":true,"href":"https:\/\/imprimeideas.es\/en\/wp-json\/wp\/v2\/product_tag?post=39146"}],"curies":[{"name":"wp","href":"https:\/\/api.w.org\/{rel}","templated":true}]}}