{"id":39141,"date":"2026-02-24T11:18:18","date_gmt":"2026-02-24T10:18:18","guid":{"rendered":"https:\/\/imprimeideas.es\/?post_type=product&p=39141"},"modified":"2026-02-26T18:19:43","modified_gmt":"2026-02-26T17:19:43","slug":"cargador-dixlem-rcs","status":"publish","type":"product","link":"https:\/\/imprimeideas.es\/en\/product\/cargador-dixlem-rcs\/","title":{"rendered":"Cargador Dixlem RCS"},"content":{"rendered":"<p>Cargador inal\u00e1mbrico magn\u00e9tico de 10W con soporte integrado. Carcasa en ABS reciclado (RABS) y con certificaci\u00f3n RCS, que garantiza el origen reciclado del mismo. Con cable USB de 1m. Incluye accesorio met\u00e1lico con adhesivo 3M, de fijaci\u00f3n extra fuerte y libre de residuo al despegarlo del dispositivo, permitiendo as\u00ed el uso de la funci\u00f3n magn\u00e9tica del cargador en cualquier dispositivo m\u00f3vil. Compatible con terminales equipados con tecnolog\u00eda de carga inal\u00e1mbrica. Amplia superficie de marcaje y presentado en atractiva caja de dise\u00f1o eco. Disponible manual de instrucciones en espa\u00f1ol e ingl\u00e9s.<\/p>","protected":false},"excerpt":{"rendered":"<p>Inal\u00e1mbrico 10W. Magn\u00e9tico<\/p>","protected":false},"featured_media":72598,"comment_status":"open","ping_status":"open","template":"","meta":{"inline_featured_image":false},"product_brand":[],"product_cat":[122,95],"product_tag":[],"class_list":{"0":"post-39141","1":"product","2":"type-product","3":"status-publish","4":"has-post-thumbnail","6":"product_cat-articulos-sostenibles","7":"product_cat-tecnologia-y-accesorios","9":"first","10":"instock","11":"taxable","12":"shipping-taxable","13":"purchasable","14":"product-type-variable","15":"has-default-attributes"},"aioseo_notices":[],"_links":{"self":[{"href":"https:\/\/imprimeideas.es\/en\/wp-json\/wp\/v2\/product\/39141","targetHints":{"allow":["GET"]}}],"collection":[{"href":"https:\/\/imprimeideas.es\/en\/wp-json\/wp\/v2\/product"}],"about":[{"href":"https:\/\/imprimeideas.es\/en\/wp-json\/wp\/v2\/types\/product"}],"replies":[{"embeddable":true,"href":"https:\/\/imprimeideas.es\/en\/wp-json\/wp\/v2\/comments?post=39141"}],"version-history":[{"count":1,"href":"https:\/\/imprimeideas.es\/en\/wp-json\/wp\/v2\/product\/39141\/revisions"}],"predecessor-version":[{"id":54163,"href":"https:\/\/imprimeideas.es\/en\/wp-json\/wp\/v2\/product\/39141\/revisions\/54163"}],"wp:featuredmedia":[{"embeddable":true,"href":"https:\/\/imprimeideas.es\/en\/wp-json\/wp\/v2\/media\/72598"}],"wp:attachment":[{"href":"https:\/\/imprimeideas.es\/en\/wp-json\/wp\/v2\/media?parent=39141"}],"wp:term":[{"taxonomy":"product_brand","embeddable":true,"href":"https:\/\/imprimeideas.es\/en\/wp-json\/wp\/v2\/product_brand?post=39141"},{"taxonomy":"product_cat","embeddable":true,"href":"https:\/\/imprimeideas.es\/en\/wp-json\/wp\/v2\/product_cat?post=39141"},{"taxonomy":"product_tag","embeddable":true,"href":"https:\/\/imprimeideas.es\/en\/wp-json\/wp\/v2\/product_tag?post=39141"}],"curies":[{"name":"wp","href":"https:\/\/api.w.org\/{rel}","templated":true}]}}